{"id":925,"date":"2022-02-16T10:12:24","date_gmt":"2022-02-16T15:12:24","guid":{"rendered":"https:\/\/tradis.uqam.ca\/?page_id=925"},"modified":"2022-06-09T11:18:43","modified_gmt":"2022-06-09T15:18:43","slug":"adam-bourne-he-him","status":"publish","type":"page","link":"https:\/\/tradis.uqam.ca\/en\/adam-bourne-he-him\/","title":{"rendered":"Adam Bourne (he\/him)"},"content":{"rendered":"\n<p>Associate Professor, Australian Research Centre in Sex, Health and Society (ARCSHS) at La Trobe University, Australia.<\/p>\n\n\n\n<figure class=\"wp-block-image size-large is-resized\"><img loading=\"lazy\" decoding=\"async\" src=\"https:\/\/tradis.uqam.ca\/wp-content\/uploads\/sites\/30\/2022\/02\/Adam-Bourne-THH-1024x1024.jpg\" alt=\"\" class=\"wp-image-922\" width=\"408\" height=\"408\" srcset=\"https:\/\/tradis.uqam.ca\/wp-content\/uploads\/sites\/30\/2022\/02\/Adam-Bourne-THH-1024x1024.jpg 1024w, https:\/\/tradis.uqam.ca\/wp-content\/uploads\/sites\/30\/2022\/02\/Adam-Bourne-THH-300x300.jpg 300w, https:\/\/tradis.uqam.ca\/wp-content\/uploads\/sites\/30\/2022\/02\/Adam-Bourne-THH-150x150.jpg 150w, https:\/\/tradis.uqam.ca\/wp-content\/uploads\/sites\/30\/2022\/02\/Adam-Bourne-THH-768x768.jpg 768w, https:\/\/tradis.uqam.ca\/wp-content\/uploads\/sites\/30\/2022\/02\/Adam-Bourne-THH-1536x1536.jpg 1536w, https:\/\/tradis.uqam.ca\/wp-content\/uploads\/sites\/30\/2022\/02\/Adam-Bourne-THH-2048x2048.jpg 2048w\" sizes=\"auto, (max-width: 408px) 100vw, 408px\" \/><\/figure>\n\n\n\n<p>A health psychologist by training,&nbsp; Adam leads the LGBTIQ+ health and wellbeing research program at ARCSHS, which includes large-scale population surveys, focussed studies on mental health and suicide prevention, qualitative studies exploring family, domestic and sexual violence, and mixed methods studies of alcohol and other drug use among LGBTIQ communities. He is an internationally recognised expert in sexualised drug use (\u2018chemsex\u2019) research among LGBTIQ communities as well as in HIV social and behavioural science. Adam has published more than 100 peer reviewed journal articles, book chapters and community reports and have delivered more than 140 conference presentations, seminar symposium talks, including invited keynote addresses to major LGBTIQ and HIV conferences in numerous countries.<\/p>\n","protected":false},"excerpt":{"rendered":"<p>Associate Professor, Australian Research Centre in Sex, Health and Society (ARCSHS) at La Trobe University, Australia. A health psychologist by training,&nbsp; Adam leads the LGBTIQ+ health and wellbeing research program at ARCSHS, which includes large-scale population surveys, focussed studies on mental health and suicide prevention, qualitative studies exploring family, domestic and sexual violence, and mixed [&hellip;]<\/p>\n","protected":false},"author":68,"featured_media":0,"parent":0,"menu_order":0,"comment_status":"closed","ping_status":"closed","template":"","meta":{"footnotes":""},"categories":[],"class_list":["post-925","page","type-page","status-publish","hentry"],"yoast_head":"<!-- This site is optimized with the Yoast SEO Premium plugin v27.4 (Yoast SEO v27.4) - https:\/\/yoast.com\/product\/yoast-seo-premium-wordpress\/ -->\n<title>Adam Bourne (he\/him) | Chaire de recherche du Canada TRADIS | UQAM<\/title>\n<meta name=\"robots\" content=\"index, follow, max-snippet:-1, max-image-preview:large, max-video-preview:-1\" \/>\n<link rel=\"canonical\" href=\"https:\/\/tradis.uqam.ca\/en\/adam-bourne-he-him\/\" \/>\n<meta property=\"og:locale\" content=\"en_US\" \/>\n<meta property=\"og:type\" content=\"article\" \/>\n<meta property=\"og:title\" content=\"Adam Bourne (he\/him)\" \/>\n<meta property=\"og:description\" content=\"Associate Professor, Australian Research Centre in Sex, Health and Society (ARCSHS) at La Trobe University, Australia. A health psychologist by training,&nbsp; Adam leads the LGBTIQ+ health and wellbeing research program at ARCSHS, which includes large-scale population surveys, focussed studies on mental health and suicide prevention, qualitative studies exploring family, domestic and sexual violence, and mixed [&hellip;]\" \/>\n<meta property=\"og:url\" content=\"https:\/\/tradis.uqam.ca\/en\/adam-bourne-he-him\/\" \/>\n<meta property=\"og:site_name\" content=\"Chaire de recherche du Canada TRADIS\" \/>\n<meta property=\"article:modified_time\" content=\"2022-06-09T15:18:43+00:00\" \/>\n<meta property=\"og:image\" content=\"https:\/\/tradis.uqam.ca\/wp-content\/uploads\/sites\/30\/2022\/02\/Adam-Bourne-THH-1024x1024.jpg\" \/>\n<meta name=\"twitter:card\" content=\"summary_large_image\" \/>\n<meta name=\"twitter:label1\" content=\"Est. reading time\" \/>\n\t<meta name=\"twitter:data1\" content=\"1 minute\" \/>\n<script type=\"application\/ld+json\" class=\"yoast-schema-graph\">{\"@context\":\"https:\\\/\\\/schema.org\",\"@graph\":[{\"@type\":\"WebPage\",\"@id\":\"https:\\\/\\\/tradis.uqam.ca\\\/en\\\/adam-bourne-he-him\\\/\",\"url\":\"https:\\\/\\\/tradis.uqam.ca\\\/en\\\/adam-bourne-he-him\\\/\",\"name\":\"Adam Bourne (he\\\/him) | Chaire de recherche du Canada TRADIS | UQAM\",\"isPartOf\":{\"@id\":\"https:\\\/\\\/tradis.uqam.ca\\\/#website\"},\"primaryImageOfPage\":{\"@id\":\"https:\\\/\\\/tradis.uqam.ca\\\/en\\\/adam-bourne-he-him\\\/#primaryimage\"},\"image\":{\"@id\":\"https:\\\/\\\/tradis.uqam.ca\\\/en\\\/adam-bourne-he-him\\\/#primaryimage\"},\"thumbnailUrl\":\"https:\\\/\\\/tradis.uqam.ca\\\/wp-content\\\/uploads\\\/sites\\\/30\\\/2022\\\/02\\\/Adam-Bourne-THH-1024x1024.jpg\",\"datePublished\":\"2022-02-16T15:12:24+00:00\",\"dateModified\":\"2022-06-09T15:18:43+00:00\",\"breadcrumb\":{\"@id\":\"https:\\\/\\\/tradis.uqam.ca\\\/en\\\/adam-bourne-he-him\\\/#breadcrumb\"},\"inLanguage\":\"en-US\",\"potentialAction\":[{\"@type\":\"ReadAction\",\"target\":[\"https:\\\/\\\/tradis.uqam.ca\\\/en\\\/adam-bourne-he-him\\\/\"]}]},{\"@type\":\"ImageObject\",\"inLanguage\":\"en-US\",\"@id\":\"https:\\\/\\\/tradis.uqam.ca\\\/en\\\/adam-bourne-he-him\\\/#primaryimage\",\"url\":\"https:\\\/\\\/tradis.uqam.ca\\\/wp-content\\\/uploads\\\/sites\\\/30\\\/2022\\\/02\\\/Adam-Bourne-THH-1024x1024.jpg\",\"contentUrl\":\"https:\\\/\\\/tradis.uqam.ca\\\/wp-content\\\/uploads\\\/sites\\\/30\\\/2022\\\/02\\\/Adam-Bourne-THH-1024x1024.jpg\"},{\"@type\":\"BreadcrumbList\",\"@id\":\"https:\\\/\\\/tradis.uqam.ca\\\/en\\\/adam-bourne-he-him\\\/#breadcrumb\",\"itemListElement\":[{\"@type\":\"ListItem\",\"position\":1,\"name\":\"UQAM\",\"item\":\"https:\\\/\\\/uqam.ca\"},{\"@type\":\"ListItem\",\"position\":2,\"name\":\"Chaire TRADIS\",\"item\":\"https:\\\/\\\/tradis.uqam.ca\\\/en\\\/\"},{\"@type\":\"ListItem\",\"position\":3,\"name\":\"Adam Bourne (he\\\/him)\"}]},{\"@type\":\"WebSite\",\"@id\":\"https:\\\/\\\/tradis.uqam.ca\\\/#website\",\"url\":\"https:\\\/\\\/tradis.uqam.ca\\\/\",\"name\":\"Chaire de recherche du Canada TRADIS\",\"description\":\"&lt;meta charset=&quot;utf-8&quot;&gt;&lt;meta charset=&quot;utf-8&quot;&gt;Bienvenue sur le site web de la Chaire TRADIS - trajectoires, diversit\u00e9, substances ! Cet espace se veut inclusif, informatif et convivial pour toute la communaut\u00e9 gravitant autour de notre objet d&#039;\u00e9tude: &lt;strong&gt;les trajectoires de consommation de substances psychoactives chez les personnes de la diversit\u00e9 sexuelle et de genre.&lt;\\\/strong&gt;\",\"publisher\":{\"@id\":\"https:\\\/\\\/tradis.uqam.ca\\\/#organization\"},\"potentialAction\":[{\"@type\":\"SearchAction\",\"target\":{\"@type\":\"EntryPoint\",\"urlTemplate\":\"https:\\\/\\\/tradis.uqam.ca\\\/en\\\/\\\/recherche\\\/?q={search_term_string}\"},\"query-input\":{\"@type\":\"PropertyValueSpecification\",\"valueRequired\":true,\"valueName\":\"search_term_string\"}}],\"inLanguage\":\"en-US\",\"alternateName\":\"Chaire TRADIS\"},{\"@type\":\"Organization\",\"@id\":\"https:\\\/\\\/tradis.uqam.ca\\\/#organization\",\"name\":\"Chaire de recherche du Canada sur les personnes de la diversit\u00e9 sexuelle et de genre et leurs trajectoires de consommation de substances psychoactives (TRADIS : trajectoires, diversit\u00e9, substances)\",\"url\":\"https:\\\/\\\/tradis.uqam.ca\\\/\",\"logo\":{\"@type\":\"ImageObject\",\"inLanguage\":\"en-US\",\"@id\":\"https:\\\/\\\/tradis.uqam.ca\\\/#\\\/schema\\\/logo\\\/image\\\/\",\"url\":\"https:\\\/\\\/gabarit-adaptatif.uqam.ca\\\/statique\\\/images\\\/logo-uqam.jpg\",\"contentUrl\":\"\",\"caption\":\"Chaire de recherche du Canada sur les personnes de la diversit\u00e9 sexuelle et de genre et leurs trajectoires de consommation de substances psychoactives (TRADIS : trajectoires, diversit\u00e9, substances)\"},\"image\":{\"@id\":\"https:\\\/\\\/tradis.uqam.ca\\\/#\\\/schema\\\/logo\\\/image\\\/\"},\"alternateName\":\"Chaire TRADIS\",\"parentOrganization\":{\"@type\":\"EducationalOrganization\",\"@id\":\"https:\\\/\\\/uqam.ca\\\/#organization\",\"name\":\"Universit\u00e9 du Qu\u00e9bec \u00e0 Montr\u00e9al\",\"url\":\"https:\\\/\\\/uqam.ca\",\"alternateName\":\"UQAM\",\"logo\":\"https:\\\/\\\/gabarit-adaptatif.uqam.ca\\\/statique\\\/images\\\/logo-uqam.jpg\"}}]}<\/script>\n<!-- \/ Yoast SEO Premium plugin. -->","yoast_head_json":{"title":"Adam Bourne (he\/him) | Chaire de recherche du Canada TRADIS | UQAM","robots":{"index":"index","follow":"follow","max-snippet":"max-snippet:-1","max-image-preview":"max-image-preview:large","max-video-preview":"max-video-preview:-1"},"canonical":"https:\/\/tradis.uqam.ca\/en\/adam-bourne-he-him\/","og_locale":"en_US","og_type":"article","og_title":"Adam Bourne (he\/him)","og_description":"Associate Professor, Australian Research Centre in Sex, Health and Society (ARCSHS) at La Trobe University, Australia. A health psychologist by training,&nbsp; Adam leads the LGBTIQ+ health and wellbeing research program at ARCSHS, which includes large-scale population surveys, focussed studies on mental health and suicide prevention, qualitative studies exploring family, domestic and sexual violence, and mixed [&hellip;]","og_url":"https:\/\/tradis.uqam.ca\/en\/adam-bourne-he-him\/","og_site_name":"Chaire de recherche du Canada TRADIS","article_modified_time":"2022-06-09T15:18:43+00:00","og_image":[{"url":"https:\/\/tradis.uqam.ca\/wp-content\/uploads\/sites\/30\/2022\/02\/Adam-Bourne-THH-1024x1024.jpg","type":"","width":"","height":""}],"twitter_card":"summary_large_image","twitter_misc":{"Est. reading time":"1 minute"},"schema":{"@context":"https:\/\/schema.org","@graph":[{"@type":"WebPage","@id":"https:\/\/tradis.uqam.ca\/en\/adam-bourne-he-him\/","url":"https:\/\/tradis.uqam.ca\/en\/adam-bourne-he-him\/","name":"Adam Bourne (he\/him) | Chaire de recherche du Canada TRADIS | UQAM","isPartOf":{"@id":"https:\/\/tradis.uqam.ca\/#website"},"primaryImageOfPage":{"@id":"https:\/\/tradis.uqam.ca\/en\/adam-bourne-he-him\/#primaryimage"},"image":{"@id":"https:\/\/tradis.uqam.ca\/en\/adam-bourne-he-him\/#primaryimage"},"thumbnailUrl":"https:\/\/tradis.uqam.ca\/wp-content\/uploads\/sites\/30\/2022\/02\/Adam-Bourne-THH-1024x1024.jpg","datePublished":"2022-02-16T15:12:24+00:00","dateModified":"2022-06-09T15:18:43+00:00","breadcrumb":{"@id":"https:\/\/tradis.uqam.ca\/en\/adam-bourne-he-him\/#breadcrumb"},"inLanguage":"en-US","potentialAction":[{"@type":"ReadAction","target":["https:\/\/tradis.uqam.ca\/en\/adam-bourne-he-him\/"]}]},{"@type":"ImageObject","inLanguage":"en-US","@id":"https:\/\/tradis.uqam.ca\/en\/adam-bourne-he-him\/#primaryimage","url":"https:\/\/tradis.uqam.ca\/wp-content\/uploads\/sites\/30\/2022\/02\/Adam-Bourne-THH-1024x1024.jpg","contentUrl":"https:\/\/tradis.uqam.ca\/wp-content\/uploads\/sites\/30\/2022\/02\/Adam-Bourne-THH-1024x1024.jpg"},{"@type":"BreadcrumbList","@id":"https:\/\/tradis.uqam.ca\/en\/adam-bourne-he-him\/#breadcrumb","itemListElement":[{"@type":"ListItem","position":1,"name":"UQAM","item":"https:\/\/uqam.ca"},{"@type":"ListItem","position":2,"name":"Chaire TRADIS","item":"https:\/\/tradis.uqam.ca\/en\/"},{"@type":"ListItem","position":3,"name":"Adam Bourne (he\/him)"}]},{"@type":"WebSite","@id":"https:\/\/tradis.uqam.ca\/#website","url":"https:\/\/tradis.uqam.ca\/","name":"Chaire de recherche du Canada TRADIS","description":"&lt;meta charset=&quot;utf-8&quot;&gt;&lt;meta charset=&quot;utf-8&quot;&gt;Bienvenue sur le site web de la Chaire TRADIS - trajectoires, diversit\u00e9, substances ! Cet espace se veut inclusif, informatif et convivial pour toute la communaut\u00e9 gravitant autour de notre objet d&#039;\u00e9tude: &lt;strong&gt;les trajectoires de consommation de substances psychoactives chez les personnes de la diversit\u00e9 sexuelle et de genre.&lt;\/strong&gt;","publisher":{"@id":"https:\/\/tradis.uqam.ca\/#organization"},"potentialAction":[{"@type":"SearchAction","target":{"@type":"EntryPoint","urlTemplate":"https:\/\/tradis.uqam.ca\/en\/\/recherche\/?q={search_term_string}"},"query-input":{"@type":"PropertyValueSpecification","valueRequired":true,"valueName":"search_term_string"}}],"inLanguage":"en-US","alternateName":"Chaire TRADIS"},{"@type":"Organization","@id":"https:\/\/tradis.uqam.ca\/#organization","name":"Chaire de recherche du Canada sur les personnes de la diversit\u00e9 sexuelle et de genre et leurs trajectoires de consommation de substances psychoactives (TRADIS : trajectoires, diversit\u00e9, substances)","url":"https:\/\/tradis.uqam.ca\/","logo":{"@type":"ImageObject","inLanguage":"en-US","@id":"https:\/\/tradis.uqam.ca\/#\/schema\/logo\/image\/","url":"https:\/\/gabarit-adaptatif.uqam.ca\/statique\/images\/logo-uqam.jpg","contentUrl":"","caption":"Chaire de recherche du Canada sur les personnes de la diversit\u00e9 sexuelle et de genre et leurs trajectoires de consommation de substances psychoactives (TRADIS : trajectoires, diversit\u00e9, substances)"},"image":{"@id":"https:\/\/tradis.uqam.ca\/#\/schema\/logo\/image\/"},"alternateName":"Chaire TRADIS","parentOrganization":{"@type":"EducationalOrganization","@id":"https:\/\/uqam.ca\/#organization","name":"Universit\u00e9 du Qu\u00e9bec \u00e0 Montr\u00e9al","url":"https:\/\/uqam.ca","alternateName":"UQAM","logo":"https:\/\/gabarit-adaptatif.uqam.ca\/statique\/images\/logo-uqam.jpg"}}]}},"_links":{"self":[{"href":"https:\/\/tradis.uqam.ca\/en\/wp-json\/wp\/v2\/pages\/925","targetHints":{"allow":["GET"]}}],"collection":[{"href":"https:\/\/tradis.uqam.ca\/en\/wp-json\/wp\/v2\/pages"}],"about":[{"href":"https:\/\/tradis.uqam.ca\/en\/wp-json\/wp\/v2\/types\/page"}],"author":[{"embeddable":true,"href":"https:\/\/tradis.uqam.ca\/en\/wp-json\/wp\/v2\/users\/68"}],"replies":[{"embeddable":true,"href":"https:\/\/tradis.uqam.ca\/en\/wp-json\/wp\/v2\/comments?post=925"}],"version-history":[{"count":2,"href":"https:\/\/tradis.uqam.ca\/en\/wp-json\/wp\/v2\/pages\/925\/revisions"}],"predecessor-version":[{"id":1126,"href":"https:\/\/tradis.uqam.ca\/en\/wp-json\/wp\/v2\/pages\/925\/revisions\/1126"}],"wp:attachment":[{"href":"https:\/\/tradis.uqam.ca\/en\/wp-json\/wp\/v2\/media?parent=925"}],"wp:term":[{"taxonomy":"category","embeddable":true,"href":"https:\/\/tradis.uqam.ca\/en\/wp-json\/wp\/v2\/categories?post=925"}],"curies":[{"name":"wp","href":"https:\/\/api.w.org\/{rel}","templated":true}]}}