{"id":1276,"date":"2022-01-28T08:12:23","date_gmt":"2022-01-28T13:12:23","guid":{"rendered":"https:\/\/tradis.uqam.ca\/canna-coach-project\/"},"modified":"2023-02-23T10:36:42","modified_gmt":"2023-02-23T15:36:42","slug":"canna-coach-project","status":"publish","type":"page","link":"https:\/\/tradis.uqam.ca\/en\/canna-coach-project\/","title":{"rendered":"Canna-Coach Project"},"content":{"rendered":"\n<figure class=\"wp-block-image size-full\"><img loading=\"lazy\" decoding=\"async\" width=\"225\" height=\"225\" src=\"https:\/\/tradis.uqam.ca\/wp-content\/uploads\/sites\/30\/2022\/02\/logo-app-1.png\" alt=\"\" class=\"wp-image-883\" srcset=\"https:\/\/tradis.uqam.ca\/wp-content\/uploads\/sites\/30\/2022\/02\/logo-app-1.png 225w, https:\/\/tradis.uqam.ca\/wp-content\/uploads\/sites\/30\/2022\/02\/logo-app-1-150x150.png 150w\" sizes=\"auto, (max-width: 225px) 100vw, 225px\" \/><\/figure>\n\n\n\n<p><strong>Complete Project Title:<\/strong> Adapting, promoting, and sustaining a mobile app for youth experiencing problems associated with cannabis, with or without a concurrent disorder<\/p>\n\n\n\n<div class=\"wp-block-pb-accordion-item c-accordion__item js-accordion-item no-js\" data-initially-open=\"false\" data-click-to-close=\"true\" data-auto-close=\"true\" data-scroll=\"false\" data-scroll-offset=\"0\"><h2 id=\"at-12760\" class=\"c-accordion__title js-accordion-controller\" role=\"button\">About the project<\/h2><div id=\"ac-12760\" class=\"c-accordion__content\">\n<figure class=\"wp-block-image size-large is-resized\"><img loading=\"lazy\" decoding=\"async\" src=\"https:\/\/tradis.uqam.ca\/wp-content\/uploads\/sites\/30\/2022\/02\/oye\u0301oye\u0301-982x1024.png\" alt=\"\" class=\"wp-image-892\" width=\"220\" height=\"228\" srcset=\"https:\/\/tradis.uqam.ca\/wp-content\/uploads\/sites\/30\/2022\/02\/oye\u0301oye\u0301-982x1024.png 982w, https:\/\/tradis.uqam.ca\/wp-content\/uploads\/sites\/30\/2022\/02\/oye\u0301oye\u0301-288x300.png 288w, https:\/\/tradis.uqam.ca\/wp-content\/uploads\/sites\/30\/2022\/02\/oye\u0301oye\u0301-768x800.png 768w, https:\/\/tradis.uqam.ca\/wp-content\/uploads\/sites\/30\/2022\/02\/oye\u0301oye\u0301.png 1182w\" sizes=\"auto, (max-width: 220px) 100vw, 220px\" \/><\/figure>\n\n\n\n<p>The Canna-Coach project aims to promote the development, deployment, and dissemination of a mobile app for young Quebecers, with or without a concurrent disorder, aged 14 to 25, experiencing problems associated with cannabis use. To this end, the research project wishes to adapt the Swiss made app Stop-Cannabis.ch to a younger audience from the French and English-speaking cultures of Quebec. The changes and improvements will ensure the consistency of this mobile app with harm reduction approaches as well as its sustainability, by being associated with a recognized Quebec organization in the field of addictions. This project will make it possible to serve young people in Quebec who have needs in terms of their cannabis use according to their profile (gender, the presence or absence of a mental health disorder, etc.) and their change objective, linking them with services, offering a new tool for the counsellors who work with them, all the while developing their skills around the use of mobile technologies in the field of addictions. The development of a social network and peer support are important complementary components of addiction rehabilitation. Young people experiencing problems associated with cannabis use, with or without a concurrent disorder, have little access to peer support services or spaces. We aim to address this by understanding, from the perspective of both youth who use cannabis and counsellors, how mobile apps can be used to support the role of peers and the development of social networks, in order to develop at least two additional components to the existing app that will support the development of social networks and promote the importance of social support by peers.<\/p>\n<\/div><\/div>\n\n\n\n<div class=\"wp-block-pb-accordion-item c-accordion__item js-accordion-item no-js\" data-initially-open=\"false\" data-click-to-close=\"true\" data-auto-close=\"true\" data-scroll=\"false\" data-scroll-offset=\"0\"><h2 id=\"at-12761\" class=\"c-accordion__title js-accordion-controller\" role=\"button\">The team<\/h2><div id=\"ac-12761\" class=\"c-accordion__content\">\n<h2 class=\"wp-block-heading\" id=\"notre-equipe\">Our team<\/h2>\n\n\n\n<p><a href=\"https:\/\/tradis.uqam.ca\/en\/mathieu-goyette-he\/\">Mathieu Goyette<\/a> : Primary Researcher<\/p>\n\n\n\n<p><a href=\"https:\/\/tradis.uqam.ca\/en\/jorge-flores-aranda-he\/\">Jorge Flores-Aranda<\/a> : Co-Primary Researcher<\/p>\n\n\n\n<p><a href=\"https:\/\/tradis.uqam.ca\/en\/iris-bourgault-bouthillier-elle-she\/\">Iris Bourgault Bouthillier<\/a> : Research Coordinator<\/p>\n\n\n\n<p>Emma F\u00e9vrier: Research Assistant<\/p>\n\n\n\n<p>Mathieu Gougeon: Research Assistant<\/p>\n\n\n\n<p>Evelyne Laszlo : Project Manager in Switzerland (Stop-cannabis)<\/p>\n\n\n\n<p>Ma\u00eblle Lefebvre: Research Assistant<\/p>\n<\/div><\/div>\n\n\n\n<div class=\"wp-block-pb-accordion-item c-accordion__item js-accordion-item no-js\" data-initially-open=\"false\" data-click-to-close=\"true\" data-auto-close=\"true\" data-scroll=\"false\" data-scroll-offset=\"0\"><h2 id=\"at-12762\" class=\"c-accordion__title js-accordion-controller\" role=\"button\">Co-researchers<\/h2><div id=\"ac-12762\" class=\"c-accordion__content\">\n<p><strong><a href=\"https:\/\/tradis.uqam.ca\/en\/mathieu-goyette-he\/\">Goyette, Mathieu<\/a><\/strong>, Primary Researcher Professor, UQAM<\/p>\n\n\n\n<p><strong><a href=\"https:\/\/tradis.uqam.ca\/en\/jorge-flores-aranda-he\/\">Flores-Aranda, Jorge<\/a><\/strong>, Co-Primary Researcher, Professor, UQAM<\/p>\n\n\n\n<p><strong>V\u00e9ronique Landry<\/strong>, Principal Knowledge User, Head of Department, University Institute on Addictions, CIUSSS du Centre-Sud-de-l&#8217;\u00eele-de-Montr\u00e9al<\/p>\n\n\n\n<p><strong><a href=\"https:\/\/www.usherbrooke.ca\/toxicomanie\/recherche\/professeurs-chercheurs\/marianne-saint-jacques\/\">Saint-Jacques, Marianne<\/a>, <\/strong>Co-Researcher, Associate Professor, Universit\u00e9 de Sherbrooke<\/p>\n\n\n\n<p><strong><a href=\"https:\/\/www.usherbrooke.ca\/toxicomanie\/recherche\/professeurs-chercheurs\/myriam-laventure\/\">Laventure, Myriam<\/a>,<\/strong> Co-Researcher, Full Professor, Universit\u00e9 de Sherbrooke<\/p>\n\n\n\n<p><strong><a href=\"https:\/\/www.fsi.ulaval.ca\/notre-faculte\/repertoire-du-personnel-enseignant-et-administratif\/anne-guichard\">Guichard, Anne<\/a>,<\/strong> Co-Researcher, Associate Professor, Universit\u00e9 Laval<\/p>\n\n\n\n<p><strong><a href=\"https:\/\/tradis.uqam.ca\/en\/karine-bertrand-phd\/\">Bertrand, Karine<\/a><\/strong>, Co-Researcher, Full Professor, Universit\u00e9 de Sherbrooke, and Scientific Director of the University Institute on Addictions<\/p>\n\n\n\n<p><strong><a href=\"https:\/\/www.usherbrooke.ca\/recherche\/specialistes\/details\/david-martin.milot\">Milot, David-Martin<\/a>,<\/strong> Co-Researcher, Assistant Professor, Universit\u00e9 de Sherbrooke, and Medical Advisor to the Mont\u00e9r\u00e9gie Public Health Department<\/p>\n\n\n\n<p><strong><a href=\"https:\/\/www.usherbrooke.ca\/recherche\/specialistes\/details\/julie.loslier\">Loslier, Julie<\/a>, <\/strong>Co-Researcher, Full Professor, Universit\u00e9 de Sherbrooke, and Director of the Mont\u00e9r\u00e9gie Public Health<\/p>\n\n\n\n<p><strong><a href=\"https:\/\/iud.quebec\/fr\/chercheur\/joel-tremblay-phd\">Tremblay, Jo\u00ebl<\/a>, <\/strong>Co-Researcher, Full Professor, Universit\u00e9 du Qu\u00e9bec \u00e0 Trois-Rivi\u00e8res, and director of the Research and Intervention on Psychoactive Substances &#8211; Quebec grouping<\/p>\n\n\n\n<p><strong><a href=\"https:\/\/www.unige.ch\/medecine\/isg\/en\/staff\/jean-francois-etter\/\">Etter, Jean-Fran\u00e7ois<\/a><\/strong>, International Co-Researcher, Professor, University of Geneva, and director and scientific leader of Stop-Cannabis, Stop-Tabac and Stop-Alcool<\/p>\n\n\n\n<p><strong><a href=\"https:\/\/www.unil.ch\/fbm\/fr\/home\/menuinst\/la-releve-academique\/nominations--promotions\/professeurs-a-a-z\/h-k\/khazaal-yasser.html\">Khazaal, Yasser<\/a>, <\/strong>International Co-Researcher, Chief of Addiction Medicine at the Centre Hospitalier Universitaire Vaudois, Full Professor, University of Lausanne, and Associate Researcher, Research Centre of the University Institute of Mental Health of Montreal<\/p>\n<\/div><\/div>\n\n\n\n<div class=\"wp-block-pb-accordion-item c-accordion__item js-accordion-item no-js\" data-initially-open=\"false\" data-click-to-close=\"true\" data-auto-close=\"true\" data-scroll=\"false\" data-scroll-offset=\"0\"><h2 id=\"at-12763\" class=\"c-accordion__title js-accordion-controller\" role=\"button\">Committees<\/h2><div id=\"ac-12763\" class=\"c-accordion__content\">\n<h2 class=\"wp-block-heading\" id=\"comite-volet-developpement-de-canna-coach\">Canna-Coach Development Committee<\/h2>\n\n\n\n<p>David-Martin Milot, DSP Mont\u00e9r\u00e9gie, UdeS<\/p>\n\n\n\n<p>Patricia Debergue, CNRC<\/p>\n\n\n\n<p>Evelyne Lazlo, Project Manager Switzerland<\/p>\n\n\n\n<p>Jo\u00ebl Tremblay, UQTR<\/p>\n\n\n\n<p>Jorge Flores-Aranda, UQAM<\/p>\n\n\n\n<p>Myriam Laventure, UdeS<\/p>\n\n\n\n<p>4 experiential research assistants<\/p>\n\n\n\n<h2 class=\"wp-block-heading\" id=\"comite-volet-revue-de-litterature\">Literature Review Committee<\/h2>\n\n\n\n<p>Jo\u00ebl Tremblay, UQTR<\/p>\n\n\n\n<p>Karine Bertrand, UdeS<\/p>\n\n\n\n<p>Anne Guichard, ULaval<\/p>\n\n\n\n<p>Julie Loslier, DSP Mont\u00e9r\u00e9gie<\/p>\n\n\n\n<h2 class=\"wp-block-heading\" id=\"comite-volet-qualitatif\">Qualitative Committee<\/h2>\n\n\n\n<p>Anne Guichard, ULaval<\/p>\n\n\n\n<p>Marianne Saint-Jacques, UdeS<\/p>\n\n\n\n<p>Jorge Flores-Aranda, UQAM<\/p>\n\n\n\n<p>Karine Bertrand, UdeS<\/p>\n\n\n\n<p>Myriam Laventure, UdeS<\/p>\n\n\n\n<h2 class=\"wp-block-heading\" id=\"comite-volet-ameliorations\">Improvement Committee<\/h2>\n\n\n\n<p>Myriam Laventure, UdeS<\/p>\n\n\n\n<p>Marie-Claire Roberge, CCSMTL<\/p>\n\n\n\n<p>Marianne Saint-Jacques,  UdeS<\/p>\n\n\n\n<p>Jorge Flores-Aranda, UQAM<\/p>\n\n\n\n<p>3 experiential research assistants<\/p>\n<\/div><\/div>\n\n\n\n<div class=\"wp-block-pb-accordion-item c-accordion__item js-accordion-item no-js\" data-initially-open=\"false\" data-click-to-close=\"true\" data-auto-close=\"true\" data-scroll=\"false\" data-scroll-offset=\"0\"><h2 id=\"at-12764\" class=\"c-accordion__title js-accordion-controller\" role=\"button\">Partners<\/h2><div id=\"ac-12764\" class=\"c-accordion__content\">\n<p>Le grand chemin<\/p>\n\n\n\n<p>RAP jeunesse<\/p>\n\n\n\n<p>Dunham House<\/p>\n\n\n\n<p>Street Pact<\/p>\n\n\n\n<p>Drugs: Help and referral<\/p>\n\n\n\n<p>CRCLM<\/p>\n\n\n\n<p>CCSMTL: DEUR, IUD, DSMD, DRSP<\/p>\n\n\n\n<p>CISSS MO<\/p>\n\n\n\n<p>Raymond School<\/p>\n\n\n\n<p>AIDQ<\/p>\n\n\n\n<p>AQCID<\/p>\n\n\n\n<p>C\u00e9gep Rosemont<\/p>\n\n\n\n<p>CIUSSS SLS<\/p>\n<\/div><\/div>\n\n\n\n<div class=\"wp-block-pb-accordion-item c-accordion__item js-accordion-item no-js\" data-initially-open=\"false\" data-click-to-close=\"true\" data-auto-close=\"true\" data-scroll=\"false\" data-scroll-offset=\"0\"><h2 id=\"at-12765\" class=\"c-accordion__title js-accordion-controller\" role=\"button\">Lancement de Canna-Coach: \u00e0 venir prochainement!<\/h2><div id=\"ac-12765\" class=\"c-accordion__content\">\n<div class=\"wp-block-buttons is-layout-flex wp-block-buttons-is-layout-flex\"><\/div>\n\n\n\n<p>Be the first to be informed about the availability of the app and the forum to the general public:<\/p>\n\n\n\n<div class=\"wp-block-buttons is-layout-flex wp-block-buttons-is-layout-flex\">\n<div class=\"wp-block-button is-style-default\"><a class=\"wp-block-button__link wp-element-button\" href=\"https:\/\/canna-coach.us21.list-manage.com\/subscribe?u=339be589261dfa96b288ef908&amp;id=0ab388e8b7\">Subscribe to our V.I.P. mailing list<\/a><\/div>\n<\/div>\n<\/div><\/div>\n\n\n\n<div class=\"wp-block-pb-accordion-item c-accordion__item js-accordion-item no-js\" data-initially-open=\"false\" data-click-to-close=\"true\" data-auto-close=\"true\" data-scroll=\"false\" data-scroll-offset=\"0\"><h2 id=\"at-12766\" class=\"c-accordion__title js-accordion-controller\" role=\"button\">Reach us<\/h2><div id=\"ac-12766\" class=\"c-accordion__content\">\n<figure class=\"wp-block-image size-large is-resized\"><img loading=\"lazy\" decoding=\"async\" src=\"https:\/\/tradis.uqam.ca\/wp-content\/uploads\/sites\/30\/2022\/02\/questions-1024x610.png\" alt=\"\" class=\"wp-image-890\" width=\"448\" height=\"266\" srcset=\"https:\/\/tradis.uqam.ca\/wp-content\/uploads\/sites\/30\/2022\/02\/questions-1024x610.png 1024w, https:\/\/tradis.uqam.ca\/wp-content\/uploads\/sites\/30\/2022\/02\/questions-300x179.png 300w, https:\/\/tradis.uqam.ca\/wp-content\/uploads\/sites\/30\/2022\/02\/questions-768x458.png 768w, https:\/\/tradis.uqam.ca\/wp-content\/uploads\/sites\/30\/2022\/02\/questions-1536x916.png 1536w, https:\/\/tradis.uqam.ca\/wp-content\/uploads\/sites\/30\/2022\/02\/questions.png 1622w\" sizes=\"auto, (max-width: 448px) 100vw, 448px\" \/><\/figure>\n\n\n\n<p><strong>Email Canna-Coach:<\/strong> <a href=\"mailto:info@canna-coach.ca\">info@canna-coach.ca<\/a><\/p>\n\n\n\n<p><strong>Principal Researcher:<\/strong> <a href=\"mailto:goyette.mathieu@uqam.ca\">goyette.mathieu@uqam.ca<\/a><\/p>\n\n\n\n<p><strong>Study Coordinator:<\/strong> <a href=\"mailto:bourgault_bouthillier.iris@uqam.ca\">bourgault_bouthillier.iris@uqam.ca<\/a><\/p>\n\n\n\n<div class=\"wp-block-buttons is-layout-flex wp-block-buttons-is-layout-flex\">\n<div class=\"wp-block-button is-style-default\"><a class=\"wp-block-button__link wp-element-button\" href=\"https:\/\/www.facebook.com\/appcannacoach\">Project Facebook page<\/a><\/div>\n\n\n\n<div class=\"wp-block-button is-style-default\"><a class=\"wp-block-button__link wp-element-button\" href=\"https:\/\/www.instagram.com\/appcannacoach\/\">Project Instagram account<\/a><\/div>\n<\/div>\n<\/div><\/div>\n","protected":false},"excerpt":{"rendered":"<p>Complete Project Title: Adapting, promoting, and sustaining a mobile app for youth experiencing problems associated with cannabis, with or without a concurrent disorder<\/p>\n","protected":false},"author":68,"featured_media":0,"parent":0,"menu_order":0,"comment_status":"closed","ping_status":"closed","template":"","meta":{"footnotes":""},"categories":[],"class_list":["post-1276","page","type-page","status-publish","hentry"],"yoast_head":"<!-- This site is optimized with the Yoast SEO Premium plugin v27.4 (Yoast SEO v27.4) - https:\/\/yoast.com\/product\/yoast-seo-premium-wordpress\/ -->\n<title>Canna-Coach Project | Chaire de recherche du Canada TRADIS | UQAM<\/title>\n<meta name=\"robots\" content=\"index, follow, max-snippet:-1, max-image-preview:large, max-video-preview:-1\" \/>\n<link rel=\"canonical\" href=\"https:\/\/tradis.uqam.ca\/en\/canna-coach-project\/\" \/>\n<meta property=\"og:locale\" content=\"en_US\" \/>\n<meta property=\"og:type\" content=\"article\" \/>\n<meta property=\"og:title\" content=\"Canna-Coach Project\" \/>\n<meta property=\"og:description\" content=\"Complete Project Title: Adapting, promoting, and sustaining a mobile app for youth experiencing problems associated with cannabis, with or without a concurrent disorder\" \/>\n<meta property=\"og:url\" content=\"https:\/\/tradis.uqam.ca\/en\/canna-coach-project\/\" \/>\n<meta property=\"og:site_name\" content=\"Chaire de recherche du Canada TRADIS\" \/>\n<meta property=\"article:modified_time\" content=\"2023-02-23T15:36:42+00:00\" \/>\n<meta property=\"og:image\" content=\"https:\/\/tradis.uqam.ca\/wp-content\/uploads\/sites\/30\/2022\/02\/logo-app-1.png\" \/>\n<meta name=\"twitter:card\" content=\"summary_large_image\" \/>\n<meta name=\"twitter:label1\" content=\"Est. reading time\" \/>\n\t<meta name=\"twitter:data1\" content=\"5 minutes\" \/>\n<script type=\"application\/ld+json\" class=\"yoast-schema-graph\">{\"@context\":\"https:\\\/\\\/schema.org\",\"@graph\":[{\"@type\":\"WebPage\",\"@id\":\"https:\\\/\\\/tradis.uqam.ca\\\/en\\\/canna-coach-project\\\/\",\"url\":\"https:\\\/\\\/tradis.uqam.ca\\\/en\\\/canna-coach-project\\\/\",\"name\":\"Canna-Coach Project | Chaire de recherche du Canada TRADIS | UQAM\",\"isPartOf\":{\"@id\":\"https:\\\/\\\/tradis.uqam.ca\\\/#website\"},\"primaryImageOfPage\":{\"@id\":\"https:\\\/\\\/tradis.uqam.ca\\\/en\\\/canna-coach-project\\\/#primaryimage\"},\"image\":{\"@id\":\"https:\\\/\\\/tradis.uqam.ca\\\/en\\\/canna-coach-project\\\/#primaryimage\"},\"thumbnailUrl\":\"https:\\\/\\\/tradis.uqam.ca\\\/wp-content\\\/uploads\\\/sites\\\/30\\\/2022\\\/02\\\/logo-app-1.png\",\"datePublished\":\"2022-01-28T13:12:23+00:00\",\"dateModified\":\"2023-02-23T15:36:42+00:00\",\"breadcrumb\":{\"@id\":\"https:\\\/\\\/tradis.uqam.ca\\\/en\\\/canna-coach-project\\\/#breadcrumb\"},\"inLanguage\":\"en-US\",\"potentialAction\":[{\"@type\":\"ReadAction\",\"target\":[\"https:\\\/\\\/tradis.uqam.ca\\\/en\\\/canna-coach-project\\\/\"]}]},{\"@type\":\"ImageObject\",\"inLanguage\":\"en-US\",\"@id\":\"https:\\\/\\\/tradis.uqam.ca\\\/en\\\/canna-coach-project\\\/#primaryimage\",\"url\":\"https:\\\/\\\/tradis.uqam.ca\\\/wp-content\\\/uploads\\\/sites\\\/30\\\/2022\\\/02\\\/logo-app-1.png\",\"contentUrl\":\"https:\\\/\\\/tradis.uqam.ca\\\/wp-content\\\/uploads\\\/sites\\\/30\\\/2022\\\/02\\\/logo-app-1.png\"},{\"@type\":\"BreadcrumbList\",\"@id\":\"https:\\\/\\\/tradis.uqam.ca\\\/en\\\/canna-coach-project\\\/#breadcrumb\",\"itemListElement\":[{\"@type\":\"ListItem\",\"position\":1,\"name\":\"UQAM\",\"item\":\"https:\\\/\\\/uqam.ca\"},{\"@type\":\"ListItem\",\"position\":2,\"name\":\"Chaire TRADIS\",\"item\":\"https:\\\/\\\/tradis.uqam.ca\\\/en\\\/\"},{\"@type\":\"ListItem\",\"position\":3,\"name\":\"Canna-Coach Project\"}]},{\"@type\":\"WebSite\",\"@id\":\"https:\\\/\\\/tradis.uqam.ca\\\/#website\",\"url\":\"https:\\\/\\\/tradis.uqam.ca\\\/\",\"name\":\"Chaire de recherche du Canada TRADIS\",\"description\":\"&lt;meta charset=&quot;utf-8&quot;&gt;&lt;meta charset=&quot;utf-8&quot;&gt;Bienvenue sur le site web de la Chaire TRADIS - trajectoires, diversit\u00e9, substances ! Cet espace se veut inclusif, informatif et convivial pour toute la communaut\u00e9 gravitant autour de notre objet d&#039;\u00e9tude: &lt;strong&gt;les trajectoires de consommation de substances psychoactives chez les personnes de la diversit\u00e9 sexuelle et de genre.&lt;\\\/strong&gt;\",\"publisher\":{\"@id\":\"https:\\\/\\\/tradis.uqam.ca\\\/#organization\"},\"potentialAction\":[{\"@type\":\"SearchAction\",\"target\":{\"@type\":\"EntryPoint\",\"urlTemplate\":\"https:\\\/\\\/tradis.uqam.ca\\\/en\\\/\\\/recherche\\\/?q={search_term_string}\"},\"query-input\":{\"@type\":\"PropertyValueSpecification\",\"valueRequired\":true,\"valueName\":\"search_term_string\"}}],\"inLanguage\":\"en-US\",\"alternateName\":\"Chaire TRADIS\"},{\"@type\":\"Organization\",\"@id\":\"https:\\\/\\\/tradis.uqam.ca\\\/#organization\",\"name\":\"Chaire de recherche du Canada sur les personnes de la diversit\u00e9 sexuelle et de genre et leurs trajectoires de consommation de substances psychoactives (TRADIS : trajectoires, diversit\u00e9, substances)\",\"url\":\"https:\\\/\\\/tradis.uqam.ca\\\/\",\"logo\":{\"@type\":\"ImageObject\",\"inLanguage\":\"en-US\",\"@id\":\"https:\\\/\\\/tradis.uqam.ca\\\/#\\\/schema\\\/logo\\\/image\\\/\",\"url\":\"https:\\\/\\\/gabarit-adaptatif.uqam.ca\\\/statique\\\/images\\\/logo-uqam.jpg\",\"contentUrl\":\"\",\"caption\":\"Chaire de recherche du Canada sur les personnes de la diversit\u00e9 sexuelle et de genre et leurs trajectoires de consommation de substances psychoactives (TRADIS : trajectoires, diversit\u00e9, substances)\"},\"image\":{\"@id\":\"https:\\\/\\\/tradis.uqam.ca\\\/#\\\/schema\\\/logo\\\/image\\\/\"},\"alternateName\":\"Chaire TRADIS\",\"parentOrganization\":{\"@type\":\"EducationalOrganization\",\"@id\":\"https:\\\/\\\/uqam.ca\\\/#organization\",\"name\":\"Universit\u00e9 du Qu\u00e9bec \u00e0 Montr\u00e9al\",\"url\":\"https:\\\/\\\/uqam.ca\",\"alternateName\":\"UQAM\",\"logo\":\"https:\\\/\\\/gabarit-adaptatif.uqam.ca\\\/statique\\\/images\\\/logo-uqam.jpg\"}}]}<\/script>\n<!-- \/ Yoast SEO Premium plugin. -->","yoast_head_json":{"title":"Canna-Coach Project | Chaire de recherche du Canada TRADIS | UQAM","robots":{"index":"index","follow":"follow","max-snippet":"max-snippet:-1","max-image-preview":"max-image-preview:large","max-video-preview":"max-video-preview:-1"},"canonical":"https:\/\/tradis.uqam.ca\/en\/canna-coach-project\/","og_locale":"en_US","og_type":"article","og_title":"Canna-Coach Project","og_description":"Complete Project Title: Adapting, promoting, and sustaining a mobile app for youth experiencing problems associated with cannabis, with or without a concurrent disorder","og_url":"https:\/\/tradis.uqam.ca\/en\/canna-coach-project\/","og_site_name":"Chaire de recherche du Canada TRADIS","article_modified_time":"2023-02-23T15:36:42+00:00","og_image":[{"url":"https:\/\/tradis.uqam.ca\/wp-content\/uploads\/sites\/30\/2022\/02\/logo-app-1.png","type":"","width":"","height":""}],"twitter_card":"summary_large_image","twitter_misc":{"Est. reading time":"5 minutes"},"schema":{"@context":"https:\/\/schema.org","@graph":[{"@type":"WebPage","@id":"https:\/\/tradis.uqam.ca\/en\/canna-coach-project\/","url":"https:\/\/tradis.uqam.ca\/en\/canna-coach-project\/","name":"Canna-Coach Project | Chaire de recherche du Canada TRADIS | UQAM","isPartOf":{"@id":"https:\/\/tradis.uqam.ca\/#website"},"primaryImageOfPage":{"@id":"https:\/\/tradis.uqam.ca\/en\/canna-coach-project\/#primaryimage"},"image":{"@id":"https:\/\/tradis.uqam.ca\/en\/canna-coach-project\/#primaryimage"},"thumbnailUrl":"https:\/\/tradis.uqam.ca\/wp-content\/uploads\/sites\/30\/2022\/02\/logo-app-1.png","datePublished":"2022-01-28T13:12:23+00:00","dateModified":"2023-02-23T15:36:42+00:00","breadcrumb":{"@id":"https:\/\/tradis.uqam.ca\/en\/canna-coach-project\/#breadcrumb"},"inLanguage":"en-US","potentialAction":[{"@type":"ReadAction","target":["https:\/\/tradis.uqam.ca\/en\/canna-coach-project\/"]}]},{"@type":"ImageObject","inLanguage":"en-US","@id":"https:\/\/tradis.uqam.ca\/en\/canna-coach-project\/#primaryimage","url":"https:\/\/tradis.uqam.ca\/wp-content\/uploads\/sites\/30\/2022\/02\/logo-app-1.png","contentUrl":"https:\/\/tradis.uqam.ca\/wp-content\/uploads\/sites\/30\/2022\/02\/logo-app-1.png"},{"@type":"BreadcrumbList","@id":"https:\/\/tradis.uqam.ca\/en\/canna-coach-project\/#breadcrumb","itemListElement":[{"@type":"ListItem","position":1,"name":"UQAM","item":"https:\/\/uqam.ca"},{"@type":"ListItem","position":2,"name":"Chaire TRADIS","item":"https:\/\/tradis.uqam.ca\/en\/"},{"@type":"ListItem","position":3,"name":"Canna-Coach Project"}]},{"@type":"WebSite","@id":"https:\/\/tradis.uqam.ca\/#website","url":"https:\/\/tradis.uqam.ca\/","name":"Chaire de recherche du Canada TRADIS","description":"&lt;meta charset=&quot;utf-8&quot;&gt;&lt;meta charset=&quot;utf-8&quot;&gt;Bienvenue sur le site web de la Chaire TRADIS - trajectoires, diversit\u00e9, substances ! Cet espace se veut inclusif, informatif et convivial pour toute la communaut\u00e9 gravitant autour de notre objet d&#039;\u00e9tude: &lt;strong&gt;les trajectoires de consommation de substances psychoactives chez les personnes de la diversit\u00e9 sexuelle et de genre.&lt;\/strong&gt;","publisher":{"@id":"https:\/\/tradis.uqam.ca\/#organization"},"potentialAction":[{"@type":"SearchAction","target":{"@type":"EntryPoint","urlTemplate":"https:\/\/tradis.uqam.ca\/en\/\/recherche\/?q={search_term_string}"},"query-input":{"@type":"PropertyValueSpecification","valueRequired":true,"valueName":"search_term_string"}}],"inLanguage":"en-US","alternateName":"Chaire TRADIS"},{"@type":"Organization","@id":"https:\/\/tradis.uqam.ca\/#organization","name":"Chaire de recherche du Canada sur les personnes de la diversit\u00e9 sexuelle et de genre et leurs trajectoires de consommation de substances psychoactives (TRADIS : trajectoires, diversit\u00e9, substances)","url":"https:\/\/tradis.uqam.ca\/","logo":{"@type":"ImageObject","inLanguage":"en-US","@id":"https:\/\/tradis.uqam.ca\/#\/schema\/logo\/image\/","url":"https:\/\/gabarit-adaptatif.uqam.ca\/statique\/images\/logo-uqam.jpg","contentUrl":"","caption":"Chaire de recherche du Canada sur les personnes de la diversit\u00e9 sexuelle et de genre et leurs trajectoires de consommation de substances psychoactives (TRADIS : trajectoires, diversit\u00e9, substances)"},"image":{"@id":"https:\/\/tradis.uqam.ca\/#\/schema\/logo\/image\/"},"alternateName":"Chaire TRADIS","parentOrganization":{"@type":"EducationalOrganization","@id":"https:\/\/uqam.ca\/#organization","name":"Universit\u00e9 du Qu\u00e9bec \u00e0 Montr\u00e9al","url":"https:\/\/uqam.ca","alternateName":"UQAM","logo":"https:\/\/gabarit-adaptatif.uqam.ca\/statique\/images\/logo-uqam.jpg"}}]}},"_links":{"self":[{"href":"https:\/\/tradis.uqam.ca\/en\/wp-json\/wp\/v2\/pages\/1276","targetHints":{"allow":["GET"]}}],"collection":[{"href":"https:\/\/tradis.uqam.ca\/en\/wp-json\/wp\/v2\/pages"}],"about":[{"href":"https:\/\/tradis.uqam.ca\/en\/wp-json\/wp\/v2\/types\/page"}],"author":[{"embeddable":true,"href":"https:\/\/tradis.uqam.ca\/en\/wp-json\/wp\/v2\/users\/68"}],"replies":[{"embeddable":true,"href":"https:\/\/tradis.uqam.ca\/en\/wp-json\/wp\/v2\/comments?post=1276"}],"version-history":[{"count":15,"href":"https:\/\/tradis.uqam.ca\/en\/wp-json\/wp\/v2\/pages\/1276\/revisions"}],"predecessor-version":[{"id":1480,"href":"https:\/\/tradis.uqam.ca\/en\/wp-json\/wp\/v2\/pages\/1276\/revisions\/1480"}],"wp:attachment":[{"href":"https:\/\/tradis.uqam.ca\/en\/wp-json\/wp\/v2\/media?parent=1276"}],"wp:term":[{"taxonomy":"category","embeddable":true,"href":"https:\/\/tradis.uqam.ca\/en\/wp-json\/wp\/v2\/categories?post=1276"}],"curies":[{"name":"wp","href":"https:\/\/api.w.org\/{rel}","templated":true}]}}