{"id":1212,"date":"2022-01-18T11:24:55","date_gmt":"2022-01-18T16:24:55","guid":{"rendered":"https:\/\/tradis.uqam.ca\/emmanuel-heisbourg-ph-d-he-him\/"},"modified":"2022-06-22T09:38:51","modified_gmt":"2022-06-22T13:38:51","slug":"emmanuel-heisbourg-ph-d-he-him","status":"publish","type":"page","link":"https:\/\/tradis.uqam.ca\/en\/emmanuel-heisbourg-ph-d-he-him\/","title":{"rendered":"Emmanuel Heisbourg, Ph.D. (he\/him)"},"content":{"rendered":"\n<figure class=\"wp-block-image is-resized\"><img loading=\"lazy\" decoding=\"async\" src=\"https:\/\/tradis.uqam.ca\/wp-content\/uploads\/sites\/30\/2022\/01\/Emmanuel_H.png\" alt=\"Emmanuel Heisbourg\" class=\"wp-image-570\" width=\"259\" height=\"255\" \/><\/figure>\n\n<p>Emmanuel holds a PhD in Applied Human Sciences from UdeM (2021) and a master\u2019s degree in economics and psychology from the University of Paris Panth\u00e9on Sorbonne (2017). His research focuses on sexually and gender-diverse musicians and the link between substance use and the practice of music.<\/p>\n","protected":false},"excerpt":{"rendered":"<p>Emmanuel holds a PhD in Applied Human Sciences from UdeM (2021) and a master\u2019s degree in economics and psychology from the University of Paris Panth\u00e9on Sorbonne (2017). His research focuses on sexually and gender-diverse musicians and the link between substance use and the practice of music.<\/p>\n","protected":false},"author":68,"featured_media":0,"parent":0,"menu_order":0,"comment_status":"closed","ping_status":"closed","template":"","meta":{"footnotes":""},"categories":[],"class_list":["post-1212","page","type-page","status-publish","hentry"],"yoast_head":"<!-- This site is optimized with the Yoast SEO Premium plugin v27.4 (Yoast SEO v27.5) - https:\/\/yoast.com\/product\/yoast-seo-premium-wordpress\/ -->\n<title>Emmanuel Heisbourg, Ph.D. (he\/him) | Chaire de recherche du Canada TRADIS | UQAM<\/title>\n<meta name=\"robots\" content=\"index, follow, max-snippet:-1, max-image-preview:large, max-video-preview:-1\" \/>\n<link rel=\"canonical\" href=\"https:\/\/tradis.uqam.ca\/en\/emmanuel-heisbourg-ph-d-he-him\/\" \/>\n<meta property=\"og:locale\" content=\"en_US\" \/>\n<meta property=\"og:type\" content=\"article\" \/>\n<meta property=\"og:title\" content=\"Emmanuel Heisbourg, Ph.D. (he\/him)\" \/>\n<meta property=\"og:description\" content=\"Emmanuel holds a PhD in Applied Human Sciences from UdeM (2021) and a master\u2019s degree in economics and psychology from the University of Paris Panth\u00e9on Sorbonne (2017). His research focuses on sexually and gender-diverse musicians and the link between substance use and the practice of music.\" \/>\n<meta property=\"og:url\" content=\"https:\/\/tradis.uqam.ca\/en\/emmanuel-heisbourg-ph-d-he-him\/\" \/>\n<meta property=\"og:site_name\" content=\"Chaire de recherche du Canada TRADIS\" \/>\n<meta property=\"article:modified_time\" content=\"2022-06-22T13:38:51+00:00\" \/>\n<meta property=\"og:image\" content=\"https:\/\/tradis.uqam.ca\/wp-content\/uploads\/sites\/30\/2022\/01\/Emmanuel_H.png\" \/>\n<meta name=\"twitter:card\" content=\"summary_large_image\" \/>\n<script type=\"application\/ld+json\" class=\"yoast-schema-graph\">{\"@context\":\"https:\\\/\\\/schema.org\",\"@graph\":[{\"@type\":\"WebPage\",\"@id\":\"https:\\\/\\\/tradis.uqam.ca\\\/en\\\/emmanuel-heisbourg-ph-d-he-him\\\/\",\"url\":\"https:\\\/\\\/tradis.uqam.ca\\\/en\\\/emmanuel-heisbourg-ph-d-he-him\\\/\",\"name\":\"Emmanuel Heisbourg, Ph.D. (he\\\/him) | Chaire de recherche du Canada TRADIS | UQAM\",\"isPartOf\":{\"@id\":\"https:\\\/\\\/tradis.uqam.ca\\\/#website\"},\"primaryImageOfPage\":{\"@id\":\"https:\\\/\\\/tradis.uqam.ca\\\/en\\\/emmanuel-heisbourg-ph-d-he-him\\\/#primaryimage\"},\"image\":{\"@id\":\"https:\\\/\\\/tradis.uqam.ca\\\/en\\\/emmanuel-heisbourg-ph-d-he-him\\\/#primaryimage\"},\"thumbnailUrl\":\"https:\\\/\\\/tradis.uqam.ca\\\/wp-content\\\/uploads\\\/sites\\\/30\\\/2022\\\/01\\\/Emmanuel_H.png\",\"datePublished\":\"2022-01-18T16:24:55+00:00\",\"dateModified\":\"2022-06-22T13:38:51+00:00\",\"breadcrumb\":{\"@id\":\"https:\\\/\\\/tradis.uqam.ca\\\/en\\\/emmanuel-heisbourg-ph-d-he-him\\\/#breadcrumb\"},\"inLanguage\":\"en-US\",\"potentialAction\":[{\"@type\":\"ReadAction\",\"target\":[\"https:\\\/\\\/tradis.uqam.ca\\\/en\\\/emmanuel-heisbourg-ph-d-he-him\\\/\"]}]},{\"@type\":\"ImageObject\",\"inLanguage\":\"en-US\",\"@id\":\"https:\\\/\\\/tradis.uqam.ca\\\/en\\\/emmanuel-heisbourg-ph-d-he-him\\\/#primaryimage\",\"url\":\"https:\\\/\\\/tradis.uqam.ca\\\/wp-content\\\/uploads\\\/sites\\\/30\\\/2022\\\/01\\\/Emmanuel_H.png\",\"contentUrl\":\"https:\\\/\\\/tradis.uqam.ca\\\/wp-content\\\/uploads\\\/sites\\\/30\\\/2022\\\/01\\\/Emmanuel_H.png\"},{\"@type\":\"BreadcrumbList\",\"@id\":\"https:\\\/\\\/tradis.uqam.ca\\\/en\\\/emmanuel-heisbourg-ph-d-he-him\\\/#breadcrumb\",\"itemListElement\":[{\"@type\":\"ListItem\",\"position\":1,\"name\":\"UQAM\",\"item\":\"https:\\\/\\\/uqam.ca\"},{\"@type\":\"ListItem\",\"position\":2,\"name\":\"Chaire TRADIS\",\"item\":\"https:\\\/\\\/tradis.uqam.ca\\\/en\\\/\"},{\"@type\":\"ListItem\",\"position\":3,\"name\":\"Emmanuel Heisbourg, Ph.D. (he\\\/him)\"}]},{\"@type\":\"WebSite\",\"@id\":\"https:\\\/\\\/tradis.uqam.ca\\\/#website\",\"url\":\"https:\\\/\\\/tradis.uqam.ca\\\/\",\"name\":\"Chaire de recherche du Canada TRADIS\",\"description\":\"&lt;meta charset=&quot;utf-8&quot;&gt;&lt;meta charset=&quot;utf-8&quot;&gt;Bienvenue sur le site web de la Chaire TRADIS - trajectoires, diversit\u00e9, substances ! Cet espace se veut inclusif, informatif et convivial pour toute la communaut\u00e9 gravitant autour de notre objet d&#039;\u00e9tude: &lt;strong&gt;les trajectoires de consommation de substances psychoactives chez les personnes de la diversit\u00e9 sexuelle et de genre.&lt;\\\/strong&gt;\",\"publisher\":{\"@id\":\"https:\\\/\\\/tradis.uqam.ca\\\/#organization\"},\"potentialAction\":[{\"@type\":\"SearchAction\",\"target\":{\"@type\":\"EntryPoint\",\"urlTemplate\":\"https:\\\/\\\/tradis.uqam.ca\\\/en\\\/\\\/recherche\\\/?q={search_term_string}\"},\"query-input\":{\"@type\":\"PropertyValueSpecification\",\"valueRequired\":true,\"valueName\":\"search_term_string\"}}],\"inLanguage\":\"en-US\",\"alternateName\":\"Chaire TRADIS\"},{\"@type\":\"Organization\",\"@id\":\"https:\\\/\\\/tradis.uqam.ca\\\/#organization\",\"name\":\"Chaire de recherche du Canada sur les personnes de la diversit\u00e9 sexuelle et de genre et leurs trajectoires de consommation de substances psychoactives (TRADIS : trajectoires, diversit\u00e9, substances)\",\"url\":\"https:\\\/\\\/tradis.uqam.ca\\\/\",\"logo\":{\"@type\":\"ImageObject\",\"inLanguage\":\"en-US\",\"@id\":\"https:\\\/\\\/tradis.uqam.ca\\\/#\\\/schema\\\/logo\\\/image\\\/\",\"url\":\"https:\\\/\\\/gabarit-adaptatif.uqam.ca\\\/statique\\\/images\\\/logo-uqam.jpg\",\"contentUrl\":\"\",\"caption\":\"Chaire de recherche du Canada sur les personnes de la diversit\u00e9 sexuelle et de genre et leurs trajectoires de consommation de substances psychoactives (TRADIS : trajectoires, diversit\u00e9, substances)\"},\"image\":{\"@id\":\"https:\\\/\\\/tradis.uqam.ca\\\/#\\\/schema\\\/logo\\\/image\\\/\"},\"alternateName\":\"Chaire TRADIS\",\"parentOrganization\":{\"@type\":\"EducationalOrganization\",\"@id\":\"https:\\\/\\\/uqam.ca\\\/#organization\",\"name\":\"Universit\u00e9 du Qu\u00e9bec \u00e0 Montr\u00e9al\",\"url\":\"https:\\\/\\\/uqam.ca\",\"alternateName\":\"UQAM\",\"logo\":\"https:\\\/\\\/gabarit-adaptatif.uqam.ca\\\/statique\\\/images\\\/logo-uqam.jpg\"}}]}<\/script>\n<!-- \/ Yoast SEO Premium plugin. -->","yoast_head_json":{"title":"Emmanuel Heisbourg, Ph.D. (he\/him) | Chaire de recherche du Canada TRADIS | UQAM","robots":{"index":"index","follow":"follow","max-snippet":"max-snippet:-1","max-image-preview":"max-image-preview:large","max-video-preview":"max-video-preview:-1"},"canonical":"https:\/\/tradis.uqam.ca\/en\/emmanuel-heisbourg-ph-d-he-him\/","og_locale":"en_US","og_type":"article","og_title":"Emmanuel Heisbourg, Ph.D. (he\/him)","og_description":"Emmanuel holds a PhD in Applied Human Sciences from UdeM (2021) and a master\u2019s degree in economics and psychology from the University of Paris Panth\u00e9on Sorbonne (2017). His research focuses on sexually and gender-diverse musicians and the link between substance use and the practice of music.","og_url":"https:\/\/tradis.uqam.ca\/en\/emmanuel-heisbourg-ph-d-he-him\/","og_site_name":"Chaire de recherche du Canada TRADIS","article_modified_time":"2022-06-22T13:38:51+00:00","og_image":[{"url":"https:\/\/tradis.uqam.ca\/wp-content\/uploads\/sites\/30\/2022\/01\/Emmanuel_H.png","type":"","width":"","height":""}],"twitter_card":"summary_large_image","schema":{"@context":"https:\/\/schema.org","@graph":[{"@type":"WebPage","@id":"https:\/\/tradis.uqam.ca\/en\/emmanuel-heisbourg-ph-d-he-him\/","url":"https:\/\/tradis.uqam.ca\/en\/emmanuel-heisbourg-ph-d-he-him\/","name":"Emmanuel Heisbourg, Ph.D. (he\/him) | Chaire de recherche du Canada TRADIS | UQAM","isPartOf":{"@id":"https:\/\/tradis.uqam.ca\/#website"},"primaryImageOfPage":{"@id":"https:\/\/tradis.uqam.ca\/en\/emmanuel-heisbourg-ph-d-he-him\/#primaryimage"},"image":{"@id":"https:\/\/tradis.uqam.ca\/en\/emmanuel-heisbourg-ph-d-he-him\/#primaryimage"},"thumbnailUrl":"https:\/\/tradis.uqam.ca\/wp-content\/uploads\/sites\/30\/2022\/01\/Emmanuel_H.png","datePublished":"2022-01-18T16:24:55+00:00","dateModified":"2022-06-22T13:38:51+00:00","breadcrumb":{"@id":"https:\/\/tradis.uqam.ca\/en\/emmanuel-heisbourg-ph-d-he-him\/#breadcrumb"},"inLanguage":"en-US","potentialAction":[{"@type":"ReadAction","target":["https:\/\/tradis.uqam.ca\/en\/emmanuel-heisbourg-ph-d-he-him\/"]}]},{"@type":"ImageObject","inLanguage":"en-US","@id":"https:\/\/tradis.uqam.ca\/en\/emmanuel-heisbourg-ph-d-he-him\/#primaryimage","url":"https:\/\/tradis.uqam.ca\/wp-content\/uploads\/sites\/30\/2022\/01\/Emmanuel_H.png","contentUrl":"https:\/\/tradis.uqam.ca\/wp-content\/uploads\/sites\/30\/2022\/01\/Emmanuel_H.png"},{"@type":"BreadcrumbList","@id":"https:\/\/tradis.uqam.ca\/en\/emmanuel-heisbourg-ph-d-he-him\/#breadcrumb","itemListElement":[{"@type":"ListItem","position":1,"name":"UQAM","item":"https:\/\/uqam.ca"},{"@type":"ListItem","position":2,"name":"Chaire TRADIS","item":"https:\/\/tradis.uqam.ca\/en\/"},{"@type":"ListItem","position":3,"name":"Emmanuel Heisbourg, Ph.D. (he\/him)"}]},{"@type":"WebSite","@id":"https:\/\/tradis.uqam.ca\/#website","url":"https:\/\/tradis.uqam.ca\/","name":"Chaire de recherche du Canada TRADIS","description":"&lt;meta charset=&quot;utf-8&quot;&gt;&lt;meta charset=&quot;utf-8&quot;&gt;Bienvenue sur le site web de la Chaire TRADIS - trajectoires, diversit\u00e9, substances ! Cet espace se veut inclusif, informatif et convivial pour toute la communaut\u00e9 gravitant autour de notre objet d&#039;\u00e9tude: &lt;strong&gt;les trajectoires de consommation de substances psychoactives chez les personnes de la diversit\u00e9 sexuelle et de genre.&lt;\/strong&gt;","publisher":{"@id":"https:\/\/tradis.uqam.ca\/#organization"},"potentialAction":[{"@type":"SearchAction","target":{"@type":"EntryPoint","urlTemplate":"https:\/\/tradis.uqam.ca\/en\/\/recherche\/?q={search_term_string}"},"query-input":{"@type":"PropertyValueSpecification","valueRequired":true,"valueName":"search_term_string"}}],"inLanguage":"en-US","alternateName":"Chaire TRADIS"},{"@type":"Organization","@id":"https:\/\/tradis.uqam.ca\/#organization","name":"Chaire de recherche du Canada sur les personnes de la diversit\u00e9 sexuelle et de genre et leurs trajectoires de consommation de substances psychoactives (TRADIS : trajectoires, diversit\u00e9, substances)","url":"https:\/\/tradis.uqam.ca\/","logo":{"@type":"ImageObject","inLanguage":"en-US","@id":"https:\/\/tradis.uqam.ca\/#\/schema\/logo\/image\/","url":"https:\/\/gabarit-adaptatif.uqam.ca\/statique\/images\/logo-uqam.jpg","contentUrl":"","caption":"Chaire de recherche du Canada sur les personnes de la diversit\u00e9 sexuelle et de genre et leurs trajectoires de consommation de substances psychoactives (TRADIS : trajectoires, diversit\u00e9, substances)"},"image":{"@id":"https:\/\/tradis.uqam.ca\/#\/schema\/logo\/image\/"},"alternateName":"Chaire TRADIS","parentOrganization":{"@type":"EducationalOrganization","@id":"https:\/\/uqam.ca\/#organization","name":"Universit\u00e9 du Qu\u00e9bec \u00e0 Montr\u00e9al","url":"https:\/\/uqam.ca","alternateName":"UQAM","logo":"https:\/\/gabarit-adaptatif.uqam.ca\/statique\/images\/logo-uqam.jpg"}}]}},"_links":{"self":[{"href":"https:\/\/tradis.uqam.ca\/en\/wp-json\/wp\/v2\/pages\/1212","targetHints":{"allow":["GET"]}}],"collection":[{"href":"https:\/\/tradis.uqam.ca\/en\/wp-json\/wp\/v2\/pages"}],"about":[{"href":"https:\/\/tradis.uqam.ca\/en\/wp-json\/wp\/v2\/types\/page"}],"author":[{"embeddable":true,"href":"https:\/\/tradis.uqam.ca\/en\/wp-json\/wp\/v2\/users\/68"}],"replies":[{"embeddable":true,"href":"https:\/\/tradis.uqam.ca\/en\/wp-json\/wp\/v2\/comments?post=1212"}],"version-history":[{"count":3,"href":"https:\/\/tradis.uqam.ca\/en\/wp-json\/wp\/v2\/pages\/1212\/revisions"}],"predecessor-version":[{"id":1215,"href":"https:\/\/tradis.uqam.ca\/en\/wp-json\/wp\/v2\/pages\/1212\/revisions\/1215"}],"wp:attachment":[{"href":"https:\/\/tradis.uqam.ca\/en\/wp-json\/wp\/v2\/media?parent=1212"}],"wp:term":[{"taxonomy":"category","embeddable":true,"href":"https:\/\/tradis.uqam.ca\/en\/wp-json\/wp\/v2\/categories?post=1212"}],"curies":[{"name":"wp","href":"https:\/\/api.w.org\/{rel}","templated":true}]}}