{"id":1204,"date":"2021-12-15T05:32:55","date_gmt":"2021-12-15T10:32:55","guid":{"rendered":"https:\/\/tradis.uqam.ca\/iris-bourgault-bouthillier-elle-she\/"},"modified":"2022-06-22T09:37:05","modified_gmt":"2022-06-22T13:37:05","slug":"iris-bourgault-bouthillier-elle-she","status":"publish","type":"page","link":"https:\/\/tradis.uqam.ca\/en\/iris-bourgault-bouthillier-elle-she\/","title":{"rendered":"Iris Bourgault Bouthillier (elle\/she)"},"content":{"rendered":"\n<figure class=\"wp-block-image is-resized\"><img loading=\"lazy\" decoding=\"async\" src=\"https:\/\/tradis.uqam.ca\/wp-content\/uploads\/sites\/30\/2021\/12\/IBB-768x1024.png\" alt=\"Iris Bourgault Bouthillier\" class=\"wp-image-147\" width=\"374\" height=\"499\" srcset=\"https:\/\/tradis.uqam.ca\/wp-content\/uploads\/sites\/30\/2021\/12\/IBB-768x1024.png 768w, https:\/\/tradis.uqam.ca\/wp-content\/uploads\/sites\/30\/2021\/12\/IBB-225x300.png 225w, https:\/\/tradis.uqam.ca\/wp-content\/uploads\/sites\/30\/2021\/12\/IBB-1152x1536.png 1152w, https:\/\/tradis.uqam.ca\/wp-content\/uploads\/sites\/30\/2021\/12\/IBB-1536x2048.png 1536w\" sizes=\"auto, (max-width: 374px) 100vw, 374px\" \/><\/figure>\n\n<p>Iris holds a bachelor\u2019s degree (2015) and a master\u2019s degree (2017) in psychoeducation from UQTR. She was trained in clinical practice with adults using substances, then in measurement and evaluation research. In 2019, after two years in the doctoral program in measurement and evaluation in education at the Universit\u00e9 de Montr\u00e9al, Iris began her career as a research professional at Universit\u00e9 Laval. She also worked as a counsellor with at-risk youth for the CISSS des Laurentides. Since 2021, she has held the position of coordinator of the TRADIS Chair at UQAM and is the coordinator of the Canna-Coach research project.<\/p>\n","protected":false},"excerpt":{"rendered":"<p>Iris holds a bachelor\u2019s degree (2015) and a master\u2019s degree (2017) in psychoeducation from UQTR. She was trained in clinical practice with adults using substances, then in measurement and evaluation research. In 2019, after two years in the doctoral program in measurement and evaluation in education at the Universit\u00e9 de Montr\u00e9al, Iris began her career [&hellip;]<\/p>\n","protected":false},"author":68,"featured_media":0,"parent":0,"menu_order":0,"comment_status":"closed","ping_status":"closed","template":"","meta":{"footnotes":""},"categories":[],"class_list":["post-1204","page","type-page","status-publish","hentry"],"yoast_head":"<!-- This site is optimized with the Yoast SEO Premium plugin v27.4 (Yoast SEO v27.4) - https:\/\/yoast.com\/product\/yoast-seo-premium-wordpress\/ -->\n<title>Iris Bourgault Bouthillier (elle\/she) | Chaire de recherche du Canada TRADIS | UQAM<\/title>\n<meta name=\"robots\" content=\"index, follow, max-snippet:-1, max-image-preview:large, max-video-preview:-1\" \/>\n<link rel=\"canonical\" href=\"https:\/\/tradis.uqam.ca\/en\/iris-bourgault-bouthillier-elle-she\/\" \/>\n<meta property=\"og:locale\" content=\"en_US\" \/>\n<meta property=\"og:type\" content=\"article\" \/>\n<meta property=\"og:title\" content=\"Iris Bourgault Bouthillier (elle\/she)\" \/>\n<meta property=\"og:description\" content=\"Iris holds a bachelor\u2019s degree (2015) and a master\u2019s degree (2017) in psychoeducation from UQTR. She was trained in clinical practice with adults using substances, then in measurement and evaluation research. In 2019, after two years in the doctoral program in measurement and evaluation in education at the Universit\u00e9 de Montr\u00e9al, Iris began her career [&hellip;]\" \/>\n<meta property=\"og:url\" content=\"https:\/\/tradis.uqam.ca\/en\/iris-bourgault-bouthillier-elle-she\/\" \/>\n<meta property=\"og:site_name\" content=\"Chaire de recherche du Canada TRADIS\" \/>\n<meta property=\"article:modified_time\" content=\"2022-06-22T13:37:05+00:00\" \/>\n<meta property=\"og:image\" content=\"https:\/\/tradis.uqam.ca\/wp-content\/uploads\/sites\/30\/2021\/12\/IBB-768x1024.png\" \/>\n<meta name=\"twitter:card\" content=\"summary_large_image\" \/>\n<script type=\"application\/ld+json\" class=\"yoast-schema-graph\">{\"@context\":\"https:\\\/\\\/schema.org\",\"@graph\":[{\"@type\":\"WebPage\",\"@id\":\"https:\\\/\\\/tradis.uqam.ca\\\/en\\\/iris-bourgault-bouthillier-elle-she\\\/\",\"url\":\"https:\\\/\\\/tradis.uqam.ca\\\/en\\\/iris-bourgault-bouthillier-elle-she\\\/\",\"name\":\"Iris Bourgault Bouthillier (elle\\\/she) | Chaire de recherche du Canada TRADIS | UQAM\",\"isPartOf\":{\"@id\":\"https:\\\/\\\/tradis.uqam.ca\\\/#website\"},\"primaryImageOfPage\":{\"@id\":\"https:\\\/\\\/tradis.uqam.ca\\\/en\\\/iris-bourgault-bouthillier-elle-she\\\/#primaryimage\"},\"image\":{\"@id\":\"https:\\\/\\\/tradis.uqam.ca\\\/en\\\/iris-bourgault-bouthillier-elle-she\\\/#primaryimage\"},\"thumbnailUrl\":\"https:\\\/\\\/tradis.uqam.ca\\\/wp-content\\\/uploads\\\/sites\\\/30\\\/2021\\\/12\\\/IBB-768x1024.png\",\"datePublished\":\"2021-12-15T10:32:55+00:00\",\"dateModified\":\"2022-06-22T13:37:05+00:00\",\"breadcrumb\":{\"@id\":\"https:\\\/\\\/tradis.uqam.ca\\\/en\\\/iris-bourgault-bouthillier-elle-she\\\/#breadcrumb\"},\"inLanguage\":\"en-US\",\"potentialAction\":[{\"@type\":\"ReadAction\",\"target\":[\"https:\\\/\\\/tradis.uqam.ca\\\/en\\\/iris-bourgault-bouthillier-elle-she\\\/\"]}]},{\"@type\":\"ImageObject\",\"inLanguage\":\"en-US\",\"@id\":\"https:\\\/\\\/tradis.uqam.ca\\\/en\\\/iris-bourgault-bouthillier-elle-she\\\/#primaryimage\",\"url\":\"https:\\\/\\\/tradis.uqam.ca\\\/wp-content\\\/uploads\\\/sites\\\/30\\\/2021\\\/12\\\/IBB-768x1024.png\",\"contentUrl\":\"https:\\\/\\\/tradis.uqam.ca\\\/wp-content\\\/uploads\\\/sites\\\/30\\\/2021\\\/12\\\/IBB-768x1024.png\"},{\"@type\":\"BreadcrumbList\",\"@id\":\"https:\\\/\\\/tradis.uqam.ca\\\/en\\\/iris-bourgault-bouthillier-elle-she\\\/#breadcrumb\",\"itemListElement\":[{\"@type\":\"ListItem\",\"position\":1,\"name\":\"UQAM\",\"item\":\"https:\\\/\\\/uqam.ca\"},{\"@type\":\"ListItem\",\"position\":2,\"name\":\"Chaire TRADIS\",\"item\":\"https:\\\/\\\/tradis.uqam.ca\\\/en\\\/\"},{\"@type\":\"ListItem\",\"position\":3,\"name\":\"Iris Bourgault Bouthillier (elle\\\/she)\"}]},{\"@type\":\"WebSite\",\"@id\":\"https:\\\/\\\/tradis.uqam.ca\\\/#website\",\"url\":\"https:\\\/\\\/tradis.uqam.ca\\\/\",\"name\":\"Chaire de recherche du Canada TRADIS\",\"description\":\"&lt;meta charset=&quot;utf-8&quot;&gt;&lt;meta charset=&quot;utf-8&quot;&gt;Bienvenue sur le site web de la Chaire TRADIS - trajectoires, diversit\u00e9, substances ! Cet espace se veut inclusif, informatif et convivial pour toute la communaut\u00e9 gravitant autour de notre objet d&#039;\u00e9tude: &lt;strong&gt;les trajectoires de consommation de substances psychoactives chez les personnes de la diversit\u00e9 sexuelle et de genre.&lt;\\\/strong&gt;\",\"publisher\":{\"@id\":\"https:\\\/\\\/tradis.uqam.ca\\\/#organization\"},\"potentialAction\":[{\"@type\":\"SearchAction\",\"target\":{\"@type\":\"EntryPoint\",\"urlTemplate\":\"https:\\\/\\\/tradis.uqam.ca\\\/en\\\/\\\/recherche\\\/?q={search_term_string}\"},\"query-input\":{\"@type\":\"PropertyValueSpecification\",\"valueRequired\":true,\"valueName\":\"search_term_string\"}}],\"inLanguage\":\"en-US\",\"alternateName\":\"Chaire TRADIS\"},{\"@type\":\"Organization\",\"@id\":\"https:\\\/\\\/tradis.uqam.ca\\\/#organization\",\"name\":\"Chaire de recherche du Canada sur les personnes de la diversit\u00e9 sexuelle et de genre et leurs trajectoires de consommation de substances psychoactives (TRADIS : trajectoires, diversit\u00e9, substances)\",\"url\":\"https:\\\/\\\/tradis.uqam.ca\\\/\",\"logo\":{\"@type\":\"ImageObject\",\"inLanguage\":\"en-US\",\"@id\":\"https:\\\/\\\/tradis.uqam.ca\\\/#\\\/schema\\\/logo\\\/image\\\/\",\"url\":\"https:\\\/\\\/gabarit-adaptatif.uqam.ca\\\/statique\\\/images\\\/logo-uqam.jpg\",\"contentUrl\":\"\",\"caption\":\"Chaire de recherche du Canada sur les personnes de la diversit\u00e9 sexuelle et de genre et leurs trajectoires de consommation de substances psychoactives (TRADIS : trajectoires, diversit\u00e9, substances)\"},\"image\":{\"@id\":\"https:\\\/\\\/tradis.uqam.ca\\\/#\\\/schema\\\/logo\\\/image\\\/\"},\"alternateName\":\"Chaire TRADIS\",\"parentOrganization\":{\"@type\":\"EducationalOrganization\",\"@id\":\"https:\\\/\\\/uqam.ca\\\/#organization\",\"name\":\"Universit\u00e9 du Qu\u00e9bec \u00e0 Montr\u00e9al\",\"url\":\"https:\\\/\\\/uqam.ca\",\"alternateName\":\"UQAM\",\"logo\":\"https:\\\/\\\/gabarit-adaptatif.uqam.ca\\\/statique\\\/images\\\/logo-uqam.jpg\"}}]}<\/script>\n<!-- \/ Yoast SEO Premium plugin. -->","yoast_head_json":{"title":"Iris Bourgault Bouthillier (elle\/she) | Chaire de recherche du Canada TRADIS | UQAM","robots":{"index":"index","follow":"follow","max-snippet":"max-snippet:-1","max-image-preview":"max-image-preview:large","max-video-preview":"max-video-preview:-1"},"canonical":"https:\/\/tradis.uqam.ca\/en\/iris-bourgault-bouthillier-elle-she\/","og_locale":"en_US","og_type":"article","og_title":"Iris Bourgault Bouthillier (elle\/she)","og_description":"Iris holds a bachelor\u2019s degree (2015) and a master\u2019s degree (2017) in psychoeducation from UQTR. She was trained in clinical practice with adults using substances, then in measurement and evaluation research. In 2019, after two years in the doctoral program in measurement and evaluation in education at the Universit\u00e9 de Montr\u00e9al, Iris began her career [&hellip;]","og_url":"https:\/\/tradis.uqam.ca\/en\/iris-bourgault-bouthillier-elle-she\/","og_site_name":"Chaire de recherche du Canada TRADIS","article_modified_time":"2022-06-22T13:37:05+00:00","og_image":[{"url":"https:\/\/tradis.uqam.ca\/wp-content\/uploads\/sites\/30\/2021\/12\/IBB-768x1024.png","type":"","width":"","height":""}],"twitter_card":"summary_large_image","schema":{"@context":"https:\/\/schema.org","@graph":[{"@type":"WebPage","@id":"https:\/\/tradis.uqam.ca\/en\/iris-bourgault-bouthillier-elle-she\/","url":"https:\/\/tradis.uqam.ca\/en\/iris-bourgault-bouthillier-elle-she\/","name":"Iris Bourgault Bouthillier (elle\/she) | Chaire de recherche du Canada TRADIS | UQAM","isPartOf":{"@id":"https:\/\/tradis.uqam.ca\/#website"},"primaryImageOfPage":{"@id":"https:\/\/tradis.uqam.ca\/en\/iris-bourgault-bouthillier-elle-she\/#primaryimage"},"image":{"@id":"https:\/\/tradis.uqam.ca\/en\/iris-bourgault-bouthillier-elle-she\/#primaryimage"},"thumbnailUrl":"https:\/\/tradis.uqam.ca\/wp-content\/uploads\/sites\/30\/2021\/12\/IBB-768x1024.png","datePublished":"2021-12-15T10:32:55+00:00","dateModified":"2022-06-22T13:37:05+00:00","breadcrumb":{"@id":"https:\/\/tradis.uqam.ca\/en\/iris-bourgault-bouthillier-elle-she\/#breadcrumb"},"inLanguage":"en-US","potentialAction":[{"@type":"ReadAction","target":["https:\/\/tradis.uqam.ca\/en\/iris-bourgault-bouthillier-elle-she\/"]}]},{"@type":"ImageObject","inLanguage":"en-US","@id":"https:\/\/tradis.uqam.ca\/en\/iris-bourgault-bouthillier-elle-she\/#primaryimage","url":"https:\/\/tradis.uqam.ca\/wp-content\/uploads\/sites\/30\/2021\/12\/IBB-768x1024.png","contentUrl":"https:\/\/tradis.uqam.ca\/wp-content\/uploads\/sites\/30\/2021\/12\/IBB-768x1024.png"},{"@type":"BreadcrumbList","@id":"https:\/\/tradis.uqam.ca\/en\/iris-bourgault-bouthillier-elle-she\/#breadcrumb","itemListElement":[{"@type":"ListItem","position":1,"name":"UQAM","item":"https:\/\/uqam.ca"},{"@type":"ListItem","position":2,"name":"Chaire TRADIS","item":"https:\/\/tradis.uqam.ca\/en\/"},{"@type":"ListItem","position":3,"name":"Iris Bourgault Bouthillier (elle\/she)"}]},{"@type":"WebSite","@id":"https:\/\/tradis.uqam.ca\/#website","url":"https:\/\/tradis.uqam.ca\/","name":"Chaire de recherche du Canada TRADIS","description":"&lt;meta charset=&quot;utf-8&quot;&gt;&lt;meta charset=&quot;utf-8&quot;&gt;Bienvenue sur le site web de la Chaire TRADIS - trajectoires, diversit\u00e9, substances ! Cet espace se veut inclusif, informatif et convivial pour toute la communaut\u00e9 gravitant autour de notre objet d&#039;\u00e9tude: &lt;strong&gt;les trajectoires de consommation de substances psychoactives chez les personnes de la diversit\u00e9 sexuelle et de genre.&lt;\/strong&gt;","publisher":{"@id":"https:\/\/tradis.uqam.ca\/#organization"},"potentialAction":[{"@type":"SearchAction","target":{"@type":"EntryPoint","urlTemplate":"https:\/\/tradis.uqam.ca\/en\/\/recherche\/?q={search_term_string}"},"query-input":{"@type":"PropertyValueSpecification","valueRequired":true,"valueName":"search_term_string"}}],"inLanguage":"en-US","alternateName":"Chaire TRADIS"},{"@type":"Organization","@id":"https:\/\/tradis.uqam.ca\/#organization","name":"Chaire de recherche du Canada sur les personnes de la diversit\u00e9 sexuelle et de genre et leurs trajectoires de consommation de substances psychoactives (TRADIS : trajectoires, diversit\u00e9, substances)","url":"https:\/\/tradis.uqam.ca\/","logo":{"@type":"ImageObject","inLanguage":"en-US","@id":"https:\/\/tradis.uqam.ca\/#\/schema\/logo\/image\/","url":"https:\/\/gabarit-adaptatif.uqam.ca\/statique\/images\/logo-uqam.jpg","contentUrl":"","caption":"Chaire de recherche du Canada sur les personnes de la diversit\u00e9 sexuelle et de genre et leurs trajectoires de consommation de substances psychoactives (TRADIS : trajectoires, diversit\u00e9, substances)"},"image":{"@id":"https:\/\/tradis.uqam.ca\/#\/schema\/logo\/image\/"},"alternateName":"Chaire TRADIS","parentOrganization":{"@type":"EducationalOrganization","@id":"https:\/\/uqam.ca\/#organization","name":"Universit\u00e9 du Qu\u00e9bec \u00e0 Montr\u00e9al","url":"https:\/\/uqam.ca","alternateName":"UQAM","logo":"https:\/\/gabarit-adaptatif.uqam.ca\/statique\/images\/logo-uqam.jpg"}}]}},"_links":{"self":[{"href":"https:\/\/tradis.uqam.ca\/en\/wp-json\/wp\/v2\/pages\/1204","targetHints":{"allow":["GET"]}}],"collection":[{"href":"https:\/\/tradis.uqam.ca\/en\/wp-json\/wp\/v2\/pages"}],"about":[{"href":"https:\/\/tradis.uqam.ca\/en\/wp-json\/wp\/v2\/types\/page"}],"author":[{"embeddable":true,"href":"https:\/\/tradis.uqam.ca\/en\/wp-json\/wp\/v2\/users\/68"}],"replies":[{"embeddable":true,"href":"https:\/\/tradis.uqam.ca\/en\/wp-json\/wp\/v2\/comments?post=1204"}],"version-history":[{"count":3,"href":"https:\/\/tradis.uqam.ca\/en\/wp-json\/wp\/v2\/pages\/1204\/revisions"}],"predecessor-version":[{"id":1207,"href":"https:\/\/tradis.uqam.ca\/en\/wp-json\/wp\/v2\/pages\/1204\/revisions\/1207"}],"wp:attachment":[{"href":"https:\/\/tradis.uqam.ca\/en\/wp-json\/wp\/v2\/media?parent=1204"}],"wp:term":[{"taxonomy":"category","embeddable":true,"href":"https:\/\/tradis.uqam.ca\/en\/wp-json\/wp\/v2\/categories?post=1204"}],"curies":[{"name":"wp","href":"https:\/\/api.w.org\/{rel}","templated":true}]}}