{"id":1184,"date":"2022-01-18T11:03:19","date_gmt":"2022-01-18T16:03:19","guid":{"rendered":"https:\/\/tradis.uqam.ca\/mathieu-goyette-he\/"},"modified":"2022-06-22T09:31:50","modified_gmt":"2022-06-22T13:31:50","slug":"mathieu-goyette-he","status":"publish","type":"page","link":"https:\/\/tradis.uqam.ca\/en\/mathieu-goyette-he\/","title":{"rendered":"Mathieu Goyette (he)"},"content":{"rendered":"\n<div class=\"wp-block-media-text alignwide is-stacked-on-mobile is-vertically-aligned-top\"><figure class=\"wp-block-media-text__media\"><img loading=\"lazy\" decoding=\"async\" width=\"683\" height=\"1024\" src=\"https:\/\/tradis.uqam.ca\/wp-content\/uploads\/sites\/30\/2022\/01\/Goyette_MG_6381a_MEDRES-683x1024.jpg\" alt=\"\" class=\"wp-image-675 size-full\" srcset=\"https:\/\/tradis.uqam.ca\/wp-content\/uploads\/sites\/30\/2022\/01\/Goyette_MG_6381a_MEDRES-683x1024.jpg 683w, https:\/\/tradis.uqam.ca\/wp-content\/uploads\/sites\/30\/2022\/01\/Goyette_MG_6381a_MEDRES-200x300.jpg 200w, https:\/\/tradis.uqam.ca\/wp-content\/uploads\/sites\/30\/2022\/01\/Goyette_MG_6381a_MEDRES-768x1152.jpg 768w, https:\/\/tradis.uqam.ca\/wp-content\/uploads\/sites\/30\/2022\/01\/Goyette_MG_6381a_MEDRES-1024x1536.jpg 1024w, https:\/\/tradis.uqam.ca\/wp-content\/uploads\/sites\/30\/2022\/01\/Goyette_MG_6381a_MEDRES.jpg 1200w\" sizes=\"auto, (max-width: 683px) 100vw, 683px\" \/><\/figure><div class=\"wp-block-media-text__content\">\n<p>Mathieu Goyette is a professor in the Department of Sexology at UQAM and an associate professor in the Department of Community Health Sciences at the Universit\u00e9 de Sherbrooke. He is also a regular researcher at the University Institute on Addictions, the Charles Le Moyne Research Institute, and a member of the RISQ team. His research activities focus on sexuality in relation to the use of psychoactive substances. One of the specificities of his research program is the use of technology to improve the understanding of the relationship between these factors and to develop interventions for people who choose to use substances. A psychologist by training, he places great importance in his projects on collaboration and knowledge transfer with the people concerned and those who work with them. With respect to the TRADIS Chair, the results of the following projects, conducted in close collaboration with several partners, can be consulted:<\/p>\n\n\n\n<p><a href=\"https:\/\/www.mybuzz.ca\/\">Online brief intervention portal MONBUZZ.ca<\/a> for sexually diverse men who use substances<\/p>\n\n\n\n<p><a href=\"https:\/\/oraprdnt.uqtr.uquebec.ca\/pls\/public\/gscw031?owa_no_site=4242&amp;owa_no_fiche=193\">A check-up on how your substance use is affecting your sexuality<\/a><\/p>\n\n\n\n<p><a href=\"https:\/\/liferay6.cess-labs.com\/web\/cpv_intersexion\">Virtual community of practice around substance use and sexuality<\/a><\/p>\n<\/div><\/div>\n","protected":false},"excerpt":{"rendered":"<p>Mathieu Goyette is a professor in the Department of Sexology at UQAM and an associate professor in the Department of Community Health Sciences at the Universit\u00e9 de Sherbrooke. He is also a regular researcher at the University Institute on Addictions, the Charles Le Moyne Research Institute, and a member of the RISQ team. His research [&hellip;]<\/p>\n","protected":false},"author":68,"featured_media":0,"parent":0,"menu_order":0,"comment_status":"closed","ping_status":"closed","template":"","meta":{"footnotes":""},"categories":[],"class_list":["post-1184","page","type-page","status-publish","hentry"],"yoast_head":"<!-- This site is optimized with the Yoast SEO Premium plugin v27.4 (Yoast SEO v27.4) - https:\/\/yoast.com\/product\/yoast-seo-premium-wordpress\/ -->\n<title>Mathieu Goyette (he) | Chaire de recherche du Canada TRADIS | UQAM<\/title>\n<meta name=\"robots\" content=\"index, follow, max-snippet:-1, max-image-preview:large, max-video-preview:-1\" \/>\n<link rel=\"canonical\" href=\"https:\/\/tradis.uqam.ca\/en\/mathieu-goyette-he\/\" \/>\n<meta property=\"og:locale\" content=\"en_US\" \/>\n<meta property=\"og:type\" content=\"article\" \/>\n<meta property=\"og:title\" content=\"Mathieu Goyette (he)\" \/>\n<meta property=\"og:description\" content=\"Mathieu Goyette is a professor in the Department of Sexology at UQAM and an associate professor in the Department of Community Health Sciences at the Universit\u00e9 de Sherbrooke. He is also a regular researcher at the University Institute on Addictions, the Charles Le Moyne Research Institute, and a member of the RISQ team. His research [&hellip;]\" \/>\n<meta property=\"og:url\" content=\"https:\/\/tradis.uqam.ca\/en\/mathieu-goyette-he\/\" \/>\n<meta property=\"og:site_name\" content=\"Chaire de recherche du Canada TRADIS\" \/>\n<meta property=\"article:modified_time\" content=\"2022-06-22T13:31:50+00:00\" \/>\n<meta property=\"og:image\" content=\"https:\/\/tradis.uqam.ca\/wp-content\/uploads\/sites\/30\/2022\/01\/Goyette_MG_6381a_MEDRES-683x1024.jpg\" \/>\n<meta name=\"twitter:card\" content=\"summary_large_image\" \/>\n<meta name=\"twitter:label1\" content=\"Est. reading time\" \/>\n\t<meta name=\"twitter:data1\" content=\"1 minute\" \/>\n<script type=\"application\/ld+json\" class=\"yoast-schema-graph\">{\"@context\":\"https:\\\/\\\/schema.org\",\"@graph\":[{\"@type\":\"WebPage\",\"@id\":\"https:\\\/\\\/tradis.uqam.ca\\\/en\\\/mathieu-goyette-he\\\/\",\"url\":\"https:\\\/\\\/tradis.uqam.ca\\\/en\\\/mathieu-goyette-he\\\/\",\"name\":\"Mathieu Goyette (he) | Chaire de recherche du Canada TRADIS | UQAM\",\"isPartOf\":{\"@id\":\"https:\\\/\\\/tradis.uqam.ca\\\/#website\"},\"primaryImageOfPage\":{\"@id\":\"https:\\\/\\\/tradis.uqam.ca\\\/en\\\/mathieu-goyette-he\\\/#primaryimage\"},\"image\":{\"@id\":\"https:\\\/\\\/tradis.uqam.ca\\\/en\\\/mathieu-goyette-he\\\/#primaryimage\"},\"thumbnailUrl\":\"https:\\\/\\\/tradis.uqam.ca\\\/wp-content\\\/uploads\\\/sites\\\/30\\\/2022\\\/01\\\/Goyette_MG_6381a_MEDRES-683x1024.jpg\",\"datePublished\":\"2022-01-18T16:03:19+00:00\",\"dateModified\":\"2022-06-22T13:31:50+00:00\",\"breadcrumb\":{\"@id\":\"https:\\\/\\\/tradis.uqam.ca\\\/en\\\/mathieu-goyette-he\\\/#breadcrumb\"},\"inLanguage\":\"en-US\",\"potentialAction\":[{\"@type\":\"ReadAction\",\"target\":[\"https:\\\/\\\/tradis.uqam.ca\\\/en\\\/mathieu-goyette-he\\\/\"]}]},{\"@type\":\"ImageObject\",\"inLanguage\":\"en-US\",\"@id\":\"https:\\\/\\\/tradis.uqam.ca\\\/en\\\/mathieu-goyette-he\\\/#primaryimage\",\"url\":\"https:\\\/\\\/tradis.uqam.ca\\\/wp-content\\\/uploads\\\/sites\\\/30\\\/2022\\\/01\\\/Goyette_MG_6381a_MEDRES-683x1024.jpg\",\"contentUrl\":\"https:\\\/\\\/tradis.uqam.ca\\\/wp-content\\\/uploads\\\/sites\\\/30\\\/2022\\\/01\\\/Goyette_MG_6381a_MEDRES-683x1024.jpg\"},{\"@type\":\"BreadcrumbList\",\"@id\":\"https:\\\/\\\/tradis.uqam.ca\\\/en\\\/mathieu-goyette-he\\\/#breadcrumb\",\"itemListElement\":[{\"@type\":\"ListItem\",\"position\":1,\"name\":\"UQAM\",\"item\":\"https:\\\/\\\/uqam.ca\"},{\"@type\":\"ListItem\",\"position\":2,\"name\":\"Chaire TRADIS\",\"item\":\"https:\\\/\\\/tradis.uqam.ca\\\/en\\\/\"},{\"@type\":\"ListItem\",\"position\":3,\"name\":\"Mathieu Goyette (he)\"}]},{\"@type\":\"WebSite\",\"@id\":\"https:\\\/\\\/tradis.uqam.ca\\\/#website\",\"url\":\"https:\\\/\\\/tradis.uqam.ca\\\/\",\"name\":\"Chaire de recherche du Canada TRADIS\",\"description\":\"&lt;meta charset=&quot;utf-8&quot;&gt;&lt;meta charset=&quot;utf-8&quot;&gt;Bienvenue sur le site web de la Chaire TRADIS - trajectoires, diversit\u00e9, substances ! Cet espace se veut inclusif, informatif et convivial pour toute la communaut\u00e9 gravitant autour de notre objet d&#039;\u00e9tude: &lt;strong&gt;les trajectoires de consommation de substances psychoactives chez les personnes de la diversit\u00e9 sexuelle et de genre.&lt;\\\/strong&gt;\",\"publisher\":{\"@id\":\"https:\\\/\\\/tradis.uqam.ca\\\/#organization\"},\"potentialAction\":[{\"@type\":\"SearchAction\",\"target\":{\"@type\":\"EntryPoint\",\"urlTemplate\":\"https:\\\/\\\/tradis.uqam.ca\\\/en\\\/\\\/recherche\\\/?q={search_term_string}\"},\"query-input\":{\"@type\":\"PropertyValueSpecification\",\"valueRequired\":true,\"valueName\":\"search_term_string\"}}],\"inLanguage\":\"en-US\",\"alternateName\":\"Chaire TRADIS\"},{\"@type\":\"Organization\",\"@id\":\"https:\\\/\\\/tradis.uqam.ca\\\/#organization\",\"name\":\"Chaire de recherche du Canada sur les personnes de la diversit\u00e9 sexuelle et de genre et leurs trajectoires de consommation de substances psychoactives (TRADIS : trajectoires, diversit\u00e9, substances)\",\"url\":\"https:\\\/\\\/tradis.uqam.ca\\\/\",\"logo\":{\"@type\":\"ImageObject\",\"inLanguage\":\"en-US\",\"@id\":\"https:\\\/\\\/tradis.uqam.ca\\\/#\\\/schema\\\/logo\\\/image\\\/\",\"url\":\"https:\\\/\\\/gabarit-adaptatif.uqam.ca\\\/statique\\\/images\\\/logo-uqam.jpg\",\"contentUrl\":\"\",\"caption\":\"Chaire de recherche du Canada sur les personnes de la diversit\u00e9 sexuelle et de genre et leurs trajectoires de consommation de substances psychoactives (TRADIS : trajectoires, diversit\u00e9, substances)\"},\"image\":{\"@id\":\"https:\\\/\\\/tradis.uqam.ca\\\/#\\\/schema\\\/logo\\\/image\\\/\"},\"alternateName\":\"Chaire TRADIS\",\"parentOrganization\":{\"@type\":\"EducationalOrganization\",\"@id\":\"https:\\\/\\\/uqam.ca\\\/#organization\",\"name\":\"Universit\u00e9 du Qu\u00e9bec \u00e0 Montr\u00e9al\",\"url\":\"https:\\\/\\\/uqam.ca\",\"alternateName\":\"UQAM\",\"logo\":\"https:\\\/\\\/gabarit-adaptatif.uqam.ca\\\/statique\\\/images\\\/logo-uqam.jpg\"}}]}<\/script>\n<!-- \/ Yoast SEO Premium plugin. -->","yoast_head_json":{"title":"Mathieu Goyette (he) | Chaire de recherche du Canada TRADIS | UQAM","robots":{"index":"index","follow":"follow","max-snippet":"max-snippet:-1","max-image-preview":"max-image-preview:large","max-video-preview":"max-video-preview:-1"},"canonical":"https:\/\/tradis.uqam.ca\/en\/mathieu-goyette-he\/","og_locale":"en_US","og_type":"article","og_title":"Mathieu Goyette (he)","og_description":"Mathieu Goyette is a professor in the Department of Sexology at UQAM and an associate professor in the Department of Community Health Sciences at the Universit\u00e9 de Sherbrooke. He is also a regular researcher at the University Institute on Addictions, the Charles Le Moyne Research Institute, and a member of the RISQ team. His research [&hellip;]","og_url":"https:\/\/tradis.uqam.ca\/en\/mathieu-goyette-he\/","og_site_name":"Chaire de recherche du Canada TRADIS","article_modified_time":"2022-06-22T13:31:50+00:00","og_image":[{"url":"https:\/\/tradis.uqam.ca\/wp-content\/uploads\/sites\/30\/2022\/01\/Goyette_MG_6381a_MEDRES-683x1024.jpg","type":"","width":"","height":""}],"twitter_card":"summary_large_image","twitter_misc":{"Est. reading time":"1 minute"},"schema":{"@context":"https:\/\/schema.org","@graph":[{"@type":"WebPage","@id":"https:\/\/tradis.uqam.ca\/en\/mathieu-goyette-he\/","url":"https:\/\/tradis.uqam.ca\/en\/mathieu-goyette-he\/","name":"Mathieu Goyette (he) | Chaire de recherche du Canada TRADIS | UQAM","isPartOf":{"@id":"https:\/\/tradis.uqam.ca\/#website"},"primaryImageOfPage":{"@id":"https:\/\/tradis.uqam.ca\/en\/mathieu-goyette-he\/#primaryimage"},"image":{"@id":"https:\/\/tradis.uqam.ca\/en\/mathieu-goyette-he\/#primaryimage"},"thumbnailUrl":"https:\/\/tradis.uqam.ca\/wp-content\/uploads\/sites\/30\/2022\/01\/Goyette_MG_6381a_MEDRES-683x1024.jpg","datePublished":"2022-01-18T16:03:19+00:00","dateModified":"2022-06-22T13:31:50+00:00","breadcrumb":{"@id":"https:\/\/tradis.uqam.ca\/en\/mathieu-goyette-he\/#breadcrumb"},"inLanguage":"en-US","potentialAction":[{"@type":"ReadAction","target":["https:\/\/tradis.uqam.ca\/en\/mathieu-goyette-he\/"]}]},{"@type":"ImageObject","inLanguage":"en-US","@id":"https:\/\/tradis.uqam.ca\/en\/mathieu-goyette-he\/#primaryimage","url":"https:\/\/tradis.uqam.ca\/wp-content\/uploads\/sites\/30\/2022\/01\/Goyette_MG_6381a_MEDRES-683x1024.jpg","contentUrl":"https:\/\/tradis.uqam.ca\/wp-content\/uploads\/sites\/30\/2022\/01\/Goyette_MG_6381a_MEDRES-683x1024.jpg"},{"@type":"BreadcrumbList","@id":"https:\/\/tradis.uqam.ca\/en\/mathieu-goyette-he\/#breadcrumb","itemListElement":[{"@type":"ListItem","position":1,"name":"UQAM","item":"https:\/\/uqam.ca"},{"@type":"ListItem","position":2,"name":"Chaire TRADIS","item":"https:\/\/tradis.uqam.ca\/en\/"},{"@type":"ListItem","position":3,"name":"Mathieu Goyette (he)"}]},{"@type":"WebSite","@id":"https:\/\/tradis.uqam.ca\/#website","url":"https:\/\/tradis.uqam.ca\/","name":"Chaire de recherche du Canada TRADIS","description":"&lt;meta charset=&quot;utf-8&quot;&gt;&lt;meta charset=&quot;utf-8&quot;&gt;Bienvenue sur le site web de la Chaire TRADIS - trajectoires, diversit\u00e9, substances ! Cet espace se veut inclusif, informatif et convivial pour toute la communaut\u00e9 gravitant autour de notre objet d&#039;\u00e9tude: &lt;strong&gt;les trajectoires de consommation de substances psychoactives chez les personnes de la diversit\u00e9 sexuelle et de genre.&lt;\/strong&gt;","publisher":{"@id":"https:\/\/tradis.uqam.ca\/#organization"},"potentialAction":[{"@type":"SearchAction","target":{"@type":"EntryPoint","urlTemplate":"https:\/\/tradis.uqam.ca\/en\/\/recherche\/?q={search_term_string}"},"query-input":{"@type":"PropertyValueSpecification","valueRequired":true,"valueName":"search_term_string"}}],"inLanguage":"en-US","alternateName":"Chaire TRADIS"},{"@type":"Organization","@id":"https:\/\/tradis.uqam.ca\/#organization","name":"Chaire de recherche du Canada sur les personnes de la diversit\u00e9 sexuelle et de genre et leurs trajectoires de consommation de substances psychoactives (TRADIS : trajectoires, diversit\u00e9, substances)","url":"https:\/\/tradis.uqam.ca\/","logo":{"@type":"ImageObject","inLanguage":"en-US","@id":"https:\/\/tradis.uqam.ca\/#\/schema\/logo\/image\/","url":"https:\/\/gabarit-adaptatif.uqam.ca\/statique\/images\/logo-uqam.jpg","contentUrl":"","caption":"Chaire de recherche du Canada sur les personnes de la diversit\u00e9 sexuelle et de genre et leurs trajectoires de consommation de substances psychoactives (TRADIS : trajectoires, diversit\u00e9, substances)"},"image":{"@id":"https:\/\/tradis.uqam.ca\/#\/schema\/logo\/image\/"},"alternateName":"Chaire TRADIS","parentOrganization":{"@type":"EducationalOrganization","@id":"https:\/\/uqam.ca\/#organization","name":"Universit\u00e9 du Qu\u00e9bec \u00e0 Montr\u00e9al","url":"https:\/\/uqam.ca","alternateName":"UQAM","logo":"https:\/\/gabarit-adaptatif.uqam.ca\/statique\/images\/logo-uqam.jpg"}}]}},"_links":{"self":[{"href":"https:\/\/tradis.uqam.ca\/en\/wp-json\/wp\/v2\/pages\/1184","targetHints":{"allow":["GET"]}}],"collection":[{"href":"https:\/\/tradis.uqam.ca\/en\/wp-json\/wp\/v2\/pages"}],"about":[{"href":"https:\/\/tradis.uqam.ca\/en\/wp-json\/wp\/v2\/types\/page"}],"author":[{"embeddable":true,"href":"https:\/\/tradis.uqam.ca\/en\/wp-json\/wp\/v2\/users\/68"}],"replies":[{"embeddable":true,"href":"https:\/\/tradis.uqam.ca\/en\/wp-json\/wp\/v2\/comments?post=1184"}],"version-history":[{"count":3,"href":"https:\/\/tradis.uqam.ca\/en\/wp-json\/wp\/v2\/pages\/1184\/revisions"}],"predecessor-version":[{"id":1187,"href":"https:\/\/tradis.uqam.ca\/en\/wp-json\/wp\/v2\/pages\/1184\/revisions\/1187"}],"wp:attachment":[{"href":"https:\/\/tradis.uqam.ca\/en\/wp-json\/wp\/v2\/media?parent=1184"}],"wp:term":[{"taxonomy":"category","embeddable":true,"href":"https:\/\/tradis.uqam.ca\/en\/wp-json\/wp\/v2\/categories?post=1184"}],"curies":[{"name":"wp","href":"https:\/\/api.w.org\/{rel}","templated":true}]}}